{"id":1318,"date":"2025-08-14T21:11:29","date_gmt":"2025-08-14T21:11:29","guid":{"rendered":"https:\/\/www.dovinta.ca\/home\/"},"modified":"2025-10-18T00:22:06","modified_gmt":"2025-10-18T00:22:06","slug":"home","status":"publish","type":"page","link":"https:\/\/www.dovinta.ca\/fr\/","title":{"rendered":"Main"},"content":{"rendered":"<div data-elementor-type=\"wp-page\" data-elementor-id=\"1318\" class=\"elementor elementor-1318\">\n\t\t\t\t<div class=\"elementor-element elementor-element-9e1a3b7 e-flex e-con-boxed e-con e-parent\" data-id=\"9e1a3b7\" data-element_type=\"container\" data-settings=\"{&quot;background_background&quot;:&quot;classic&quot;}\">\n\t\t\t\t\t<div class=\"e-con-inner\">\n\t\t<div class=\"elementor-element elementor-element-8f73ee5 e-con-full e-flex e-con e-child\" data-id=\"8f73ee5\" data-element_type=\"container\">\n\t\t\t\t<div class=\"elementor-element elementor-element-4a02dab elementor-widget elementor-widget-heading\" data-id=\"4a02dab\" data-element_type=\"widget\" data-widget_type=\"heading.default\">\n\t\t\t\t<div class=\"elementor-widget-container\">\n\t\t\t\t\t<h2 class=\"elementor-heading-title elementor-size-default\">VOTRE FLOTTE<\/h2>\t\t\t\t<\/div>\n\t\t\t\t<\/div>\n\t\t\t\t<div class=\"elementor-element elementor-element-93873aa elementor-widget elementor-widget-heading\" data-id=\"93873aa\" data-element_type=\"widget\" data-widget_type=\"heading.default\">\n\t\t\t\t<div class=\"elementor-widget-container\">\n\t\t\t\t\t<h1 class=\"elementor-heading-title elementor-size-default\">EN MOUVEMENT<\/h1>\t\t\t\t<\/div>\n\t\t\t\t<\/div>\n\t\t\t\t<div class=\"elementor-element elementor-element-e46045d elementor-widget elementor-widget-text-editor\" data-id=\"e46045d\" data-element_type=\"widget\" data-widget_type=\"text-editor.default\">\n\t\t\t\t<div class=\"elementor-widget-container\">\n\t\t\t\t\t\t\t\t\t<p>Nous sommes sp\u00e9cialis\u00e9s dans le diagnostic <br \/>et la r\u00e9paration de syst\u00e8mes complexes\u00a0<\/p>\t\t\t\t\t\t\t\t<\/div>\n\t\t\t\t<\/div>\n\t\t\t\t<div class=\"elementor-element elementor-element-84e5af3 elementor-align-center elementor-button-success elementor-widget elementor-widget-button\" data-id=\"84e5af3\" data-element_type=\"widget\" data-widget_type=\"button.default\">\n\t\t\t\t<div class=\"elementor-widget-container\">\n\t\t\t\t\t\t\t\t\t<div class=\"elementor-button-wrapper\">\n\t\t\t\t\t<a class=\"elementor-button elementor-button-link elementor-size-sm\" href=\"tel:+14373204030\" id=\"call-button\">\n\t\t\t\t\t\t<span class=\"elementor-button-content-wrapper\">\n\t\t\t\t\t\t<span class=\"elementor-button-icon\">\n\t\t\t\t<i aria-hidden=\"true\" class=\"fas fa-phone-alt\"><\/i>\t\t\t<\/span>\n\t\t\t\t\t\t\t\t\t<span class=\"elementor-button-text\">Parlez au r\u00e9partiteur<\/span>\n\t\t\t\t\t<\/span>\n\t\t\t\t\t<\/a>\n\t\t\t\t<\/div>\n\t\t\t\t\t\t\t\t<\/div>\n\t\t\t\t<\/div>\n\t\t\t\t<\/div>\n\t\t\t\t\t<\/div>\n\t\t\t\t<\/div>\n\t\t<div class=\"elementor-element elementor-element-2df8496 e-flex e-con-boxed e-con e-parent\" data-id=\"2df8496\" data-element_type=\"container\">\n\t\t\t\t\t<div class=\"e-con-inner\">\n\t\t<div class=\"elementor-element elementor-element-d95c01c e-con-full e-flex e-con e-child\" data-id=\"d95c01c\" data-element_type=\"container\">\n\t\t<div class=\"elementor-element elementor-element-6eef0f4 e-con-full e-flex e-con e-child\" data-id=\"6eef0f4\" data-element_type=\"container\" id=\"services\">\n\t\t\t\t<div class=\"elementor-element elementor-element-447719e elementor-widget elementor-widget-heading\" data-id=\"447719e\" data-element_type=\"widget\" data-widget_type=\"heading.default\">\n\t\t\t\t<div class=\"elementor-widget-container\">\n\t\t\t\t\t<h2 class=\"elementor-heading-title elementor-size-default\">Nos Services<\/h2>\t\t\t\t<\/div>\n\t\t\t\t<\/div>\n\t\t\t\t<div class=\"elementor-element elementor-element-0d240a4 elementor-widget-divider--view-line elementor-widget elementor-widget-divider\" data-id=\"0d240a4\" data-element_type=\"widget\" data-widget_type=\"divider.default\">\n\t\t\t\t<div class=\"elementor-widget-container\">\n\t\t\t\t\t\t\t<div class=\"elementor-divider\">\n\t\t\t<span class=\"elementor-divider-separator\">\n\t\t\t\t\t\t<\/span>\n\t\t<\/div>\n\t\t\t\t\t\t<\/div>\n\t\t\t\t<\/div>\n\t\t<div class=\"elementor-element elementor-element-a58073d e-flex e-con-boxed e-con e-child\" data-id=\"a58073d\" data-element_type=\"container\">\n\t\t\t\t\t<div class=\"e-con-inner\">\n\t\t<div class=\"elementor-element elementor-element-d9edac3 e-con-full e-flex e-con e-child\" data-id=\"d9edac3\" data-element_type=\"container\">\n\t\t\t\t<div class=\"elementor-element elementor-element-86a66f5 elementor-widget elementor-widget-image\" data-id=\"86a66f5\" data-element_type=\"widget\" data-widget_type=\"image.default\">\n\t\t\t\t<div class=\"elementor-widget-container\">\n\t\t\t\t\t\t\t\t\t\t\t\t\t\t\t\t<a href=\"https:\/\/truckservice.dovinta.ca\/\">\n\t\t\t\t\t\t\t<img fetchpriority=\"high\" decoding=\"async\" width=\"1280\" height=\"960\" src=\"https:\/\/www.dovinta.ca\/wp-content\/uploads\/2025\/10\/photo_2025-10-14_18-38-08.jpg\" class=\"attachment-full size-full wp-image-2991\" alt=\"\" srcset=\"https:\/\/www.dovinta.ca\/wp-content\/uploads\/2025\/10\/photo_2025-10-14_18-38-08.jpg 1280w, https:\/\/www.dovinta.ca\/wp-content\/uploads\/2025\/10\/photo_2025-10-14_18-38-08-300x225.jpg 300w, https:\/\/www.dovinta.ca\/wp-content\/uploads\/2025\/10\/photo_2025-10-14_18-38-08-1024x768.jpg 1024w, https:\/\/www.dovinta.ca\/wp-content\/uploads\/2025\/10\/photo_2025-10-14_18-38-08-768x576.jpg 768w, https:\/\/www.dovinta.ca\/wp-content\/uploads\/2025\/10\/photo_2025-10-14_18-38-08-16x12.jpg 16w\" sizes=\"(max-width: 1280px) 100vw, 1280px\" \/>\t\t\t\t\t\t\t\t<\/a>\n\t\t\t\t\t\t\t\t\t\t\t\t\t\t\t<\/div>\n\t\t\t\t<\/div>\n\t\t\t\t<div class=\"elementor-element elementor-element-dfb80f0 elementor-widget elementor-widget-hfe-infocard\" data-id=\"dfb80f0\" data-element_type=\"widget\" data-widget_type=\"hfe-infocard.default\">\n\t\t\t\t<div class=\"elementor-widget-container\">\n\t\t\t\t\t\n\t\t<div class=\"hfe-infocard\">\n\t\t\t\t\t\t\t\t\t<div class=\"hfe-infocard-title-wrap\">\n\t\t\t\t<h3 class=\"hfe-infocard-title elementor-inline-editing\" data-elementor-setting-key=\"infocard_title\" data-elementor-inline-editing-toolbar=\"basic\" ><a href=\"https:\/\/truckservice.dovinta.ca\/\">Truck Service<\/a><\/h3>\t\t\t<\/div>\n\t\t\t\t\t\t<div class=\"hfe-infocard-text-wrap\">\n\t\t\t\t<div class=\"hfe-infocard-text elementor-inline-editing\" data-elementor-setting-key=\"infocard_description\" data-elementor-inline-editing-toolbar=\"advanced\">\n\t\t\t\t\tWe specialize in complex truck electronics \u2014 advanced diagnostics, wiring repairs, and module troubleshooting that others can\u2019t fix.\t\t\t\t<\/div>\n\t\t\t\t\t\t\t<div class=\"hfe-infocard-cta-link-style\">\n\t\t\t\t<a href=\"https:\/\/truckservice.dovinta.ca\/\" class=\"hfe-infocard-cta-link\"> \t\t\t\t\t<span class=\"elementor-inline-editing\" data-elementor-setting-key=\"infocard_link_text\" data-elementor-inline-editing-toolbar=\"basic\">En savoir plus<\/span>\n\t\t\t\t<\/a>\n\t\t\t<\/div>\n\t\t\t\t\t\t<\/div>\n\t\t<\/div>\n\n\t\t\t\t\t\t<\/div>\n\t\t\t\t<\/div>\n\t\t\t\t<\/div>\n\t\t\t\t\t<\/div>\n\t\t\t\t<\/div>\n\t\t\t\t<\/div>\n\t\t\t\t<\/div>\n\t\t\t\t\t<\/div>\n\t\t\t\t<\/div>\n\t\t<div class=\"elementor-element elementor-element-f457a2d e-flex e-con-boxed e-con e-parent\" data-id=\"f457a2d\" data-element_type=\"container\">\n\t\t\t\t\t<div class=\"e-con-inner\">\n\t\t<div class=\"elementor-element elementor-element-3b5731b e-con-full e-flex e-con e-child\" data-id=\"3b5731b\" data-element_type=\"container\">\n\t\t\t\t<div class=\"elementor-element elementor-element-51a9953 elementor-widget elementor-widget-text-editor\" data-id=\"51a9953\" data-element_type=\"widget\" data-widget_type=\"text-editor.default\">\n\t\t\t\t<div class=\"elementor-widget-container\">\n\t\t\t\t\t\t\t\t\t<p>\u00c0 PROPOS DE NOUS<\/p>\t\t\t\t\t\t\t\t<\/div>\n\t\t\t\t<\/div>\n\t\t\t\t<div class=\"elementor-element elementor-element-63972dd elementor-widget__width-initial elementor-widget elementor-widget-hfe-infocard\" data-id=\"63972dd\" data-element_type=\"widget\" data-widget_type=\"hfe-infocard.default\">\n\t\t\t\t<div class=\"elementor-widget-container\">\n\t\t\t\t\t\n\t\t<div class=\"hfe-infocard\">\n\t\t\t\t\t\t\t\t\t<div class=\"hfe-infocard-title-wrap\">\n\t\t\t\t<h4 class=\"hfe-infocard-title elementor-inline-editing\" data-elementor-setting-key=\"infocard_title\" data-elementor-inline-editing-toolbar=\"basic\" >Des ing\u00e9nieurs comme m\u00e9caniciens<\/h4>\t\t\t<\/div>\n\t\t\t\t\t\t<div class=\"hfe-infocard-text-wrap\">\n\t\t\t\t<div class=\"hfe-infocard-text elementor-inline-editing\" data-elementor-setting-key=\"infocard_description\" data-elementor-inline-editing-toolbar=\"advanced\">\n\t\t\t\t\tChez Dovinta, nous offrons des services m\u00e9caniques sp\u00e9cialis\u00e9s depuis 2006 \u2014 pr\u00e8s de deux d\u00e9cennies de d\u00e9vouement, d'exp\u00e9rience pratique et d'une passion profonde pour l'ing\u00e9nierie. Ce qui nous distingue, ce n\u2019est pas seulement notre expertise technique, mais aussi notre compr\u00e9hension unique des besoins de nos clients, forg\u00e9e par des ann\u00e9es de gestion logistique et d\u2019exploitation de camions lourds.\n\n\t\t\t\t<\/div>\n\t\t\t\t\t\t\t<\/div>\n\t\t<\/div>\n\n\t\t\t\t\t\t<\/div>\n\t\t\t\t<\/div>\n\t\t\t\t<\/div>\n\t\t<div class=\"elementor-element elementor-element-162cad4 elementor-hidden-mobile e-con-full e-flex e-con e-child\" data-id=\"162cad4\" data-element_type=\"container\">\n\t\t\t\t<div class=\"elementor-element elementor-element-8aee090 elementor-widget elementor-widget-image\" data-id=\"8aee090\" data-element_type=\"widget\" data-widget_type=\"image.default\">\n\t\t\t\t<div class=\"elementor-widget-container\">\n\t\t\t\t\t\t\t\t\t\t\t\t\t\t\t<img decoding=\"async\" width=\"960\" height=\"1280\" src=\"https:\/\/www.dovinta.ca\/wp-content\/uploads\/2025\/08\/photo_2025-07-30_19-53-08-4.jpg\" class=\"attachment-full size-full wp-image-2132\" alt=\"\" srcset=\"https:\/\/www.dovinta.ca\/wp-content\/uploads\/2025\/08\/photo_2025-07-30_19-53-08-4.jpg 960w, https:\/\/www.dovinta.ca\/wp-content\/uploads\/2025\/08\/photo_2025-07-30_19-53-08-4-225x300.jpg 225w, https:\/\/www.dovinta.ca\/wp-content\/uploads\/2025\/08\/photo_2025-07-30_19-53-08-4-768x1024.jpg 768w\" sizes=\"(max-width: 960px) 100vw, 960px\" \/>\t\t\t\t\t\t\t\t\t\t\t\t\t\t\t<\/div>\n\t\t\t\t<\/div>\n\t\t\t\t<\/div>\n\t\t\t\t\t<\/div>\n\t\t\t\t<\/div>\n\t\t<div class=\"elementor-element elementor-element-5f983e4 e-flex e-con-boxed e-con e-parent\" data-id=\"5f983e4\" data-element_type=\"container\">\n\t\t\t\t\t<div class=\"e-con-inner\">\n\t\t<div class=\"elementor-element elementor-element-a1799e7 e-con-full e-flex e-con e-child\" data-id=\"a1799e7\" data-element_type=\"container\">\n\t\t\t\t<div class=\"elementor-element elementor-element-2a14f93 elementor-widget elementor-widget-google_maps\" data-id=\"2a14f93\" data-element_type=\"widget\" data-widget_type=\"google_maps.default\">\n\t\t\t\t<div class=\"elementor-widget-container\">\n\t\t\t\t\t\t\t<div class=\"elementor-custom-embed\">\n\t\t\t<iframe loading=\"lazy\"\n\t\t\t\t\tsrc=\"https:\/\/maps.google.com\/maps?q=192%20Rue%20Lavoie%2C%20Delson%2C%20QC%20J5B%201X4&#038;t=m&#038;z=10&#038;output=embed&#038;iwloc=near\"\n\t\t\t\t\ttitle=\"192 Rue Lavoie, Delson, QC J5B 1X4\"\n\t\t\t\t\taria-label=\"192 Rue Lavoie, Delson, QC J5B 1X4\"\n\t\t\t><\/iframe>\n\t\t<\/div>\n\t\t\t\t\t\t<\/div>\n\t\t\t\t<\/div>\n\t\t\t\t<\/div>\n\t\t<div class=\"elementor-element elementor-element-56311b5 e-con-full e-flex e-con e-child\" data-id=\"56311b5\" data-element_type=\"container\">\n\t\t\t\t<div class=\"elementor-element elementor-element-d816ff9 elementor-widget elementor-widget-google_maps\" data-id=\"d816ff9\" data-element_type=\"widget\" data-widget_type=\"google_maps.default\">\n\t\t\t\t<div class=\"elementor-widget-container\">\n\t\t\t\t\t\t\t<div class=\"elementor-custom-embed\">\n\t\t\t<iframe loading=\"lazy\"\n\t\t\t\t\tsrc=\"https:\/\/maps.google.com\/maps?q=2615%20Blackwell%20St%2C%20Ottawa%2C%20ON%20K1B%204E4&#038;t=m&#038;z=10&#038;output=embed&#038;iwloc=near\"\n\t\t\t\t\ttitle=\"2615 Blackwell St, Ottawa, ON K1B 4E4\"\n\t\t\t\t\taria-label=\"2615 Blackwell St, Ottawa, ON K1B 4E4\"\n\t\t\t><\/iframe>\n\t\t<\/div>\n\t\t\t\t\t\t<\/div>\n\t\t\t\t<\/div>\n\t\t\t\t<\/div>\n\t\t\t\t\t<\/div>\n\t\t\t\t<\/div>\n\t\t<div class=\"elementor-element elementor-element-16ec7fa e-flex e-con-boxed e-con e-parent\" data-id=\"16ec7fa\" data-element_type=\"container\" data-settings=\"{&quot;background_background&quot;:&quot;classic&quot;}\">\n\t\t\t\t\t<div class=\"e-con-inner\">\n\t\t<div class=\"elementor-element elementor-element-d13f07f e-con-full e-flex e-con e-child\" data-id=\"d13f07f\" data-element_type=\"container\">\n\t\t\t\t<div class=\"elementor-element elementor-element-ba599af elementor-widget elementor-widget-heading\" data-id=\"ba599af\" data-element_type=\"widget\" data-widget_type=\"heading.default\">\n\t\t\t\t<div class=\"elementor-widget-container\">\n\t\t\t\t\t<h1 class=\"elementor-heading-title elementor-size-default\">Consultez notre r\u00e9servation, appuyez sur le bouton ci-dessous<\/h1>\t\t\t\t<\/div>\n\t\t\t\t<\/div>\n\t\t\t\t<div class=\"elementor-element elementor-element-03937cd elementor-widget elementor-widget-text-editor\" data-id=\"03937cd\" data-element_type=\"widget\" data-widget_type=\"text-editor.default\">\n\t\t\t\t<div class=\"elementor-widget-container\">\n\t\t\t\t\t\t\t\t\t<p>Nous sommes toujours l\u00e0 pour vous aider \u2014 que vous cherchiez un devis, souhaitiez planifier un service ou ayez simplement besoin de plus d\u2019informations.<\/p>\t\t\t\t\t\t\t\t<\/div>\n\t\t\t\t<\/div>\n\t\t\t\t<div class=\"elementor-element elementor-element-5e136ae elementor-align-center elementor-button-success elementor-widget elementor-widget-button\" data-id=\"5e136ae\" data-element_type=\"widget\" data-widget_type=\"button.default\">\n\t\t\t\t<div class=\"elementor-widget-container\">\n\t\t\t\t\t\t\t\t\t<div class=\"elementor-button-wrapper\">\n\t\t\t\t\t<a class=\"elementor-button elementor-button-link elementor-size-sm\" href=\"tel:+14373204030\">\n\t\t\t\t\t\t<span class=\"elementor-button-content-wrapper\">\n\t\t\t\t\t\t<span class=\"elementor-button-icon\">\n\t\t\t\t<i aria-hidden=\"true\" class=\"fas fa-phone-alt\"><\/i>\t\t\t<\/span>\n\t\t\t\t\t\t\t\t\t<span class=\"elementor-button-text\">Parlez au r\u00e9partiteur<\/span>\n\t\t\t\t\t<\/span>\n\t\t\t\t\t<\/a>\n\t\t\t\t<\/div>\n\t\t\t\t\t\t\t\t<\/div>\n\t\t\t\t<\/div>\n\t\t\t\t<\/div>\n\t\t\t\t\t<\/div>\n\t\t\t\t<\/div>\n\t\t\t\t<\/div>","protected":false},"excerpt":{"rendered":"<p>MAKING YOUR FLEET MOVE We specialize on complex system diagnostics and repairs\u00a0 Talk to dispatcher Our Services Truck Service We specialize in complex truck electronics \u2014 advanced diagnostics, wiring repairs, and module troubleshooting that others can\u2019t fix. Read More ABOUT US Engineers as Mechanics At Dovinta, we\u2019ve been providing expert mechanical services since 2006 \u2014 [&hellip;]<\/p>","protected":false},"author":1,"featured_media":0,"parent":0,"menu_order":0,"comment_status":"closed","ping_status":"closed","template":"elementor_header_footer","meta":{"_editorskit_title_hidden":false,"_editorskit_reading_time":0,"_editorskit_is_block_options_detached":false,"_editorskit_block_options_position":"{}","_uag_custom_page_level_css":"","footnotes":""},"service_type":[],"class_list":["post-1318","page","type-page","status-publish","hentry"],"yoast_head":"<!-- This site is optimized with the Yoast SEO plugin v25.8 - https:\/\/yoast.com\/wordpress\/plugins\/seo\/ -->\n<title>Main - Dovinta<\/title>\n<meta name=\"robots\" content=\"index, follow, max-snippet:-1, max-image-preview:large, max-video-preview:-1\" \/>\n<link rel=\"canonical\" href=\"https:\/\/www.dovinta.ca\/fr\/\" \/>\n<meta property=\"og:locale\" content=\"fr_CA\" \/>\n<meta property=\"og:type\" content=\"article\" \/>\n<meta property=\"og:title\" content=\"Main - Dovinta\" \/>\n<meta property=\"og:description\" content=\"MAKING YOUR FLEET MOVE We specialize on complex system diagnostics and repairs\u00a0 Talk to dispatcher Our Services Truck Service We specialize in complex truck electronics \u2014 advanced diagnostics, wiring repairs, and module troubleshooting that others can\u2019t fix. Read More ABOUT US Engineers as Mechanics At Dovinta, we\u2019ve been providing expert mechanical services since 2006 \u2014 [&hellip;]\" \/>\n<meta property=\"og:url\" content=\"https:\/\/www.dovinta.ca\/fr\/\" \/>\n<meta property=\"og:site_name\" content=\"Dovinta\" \/>\n<meta property=\"article:modified_time\" content=\"2025-10-18T00:22:06+00:00\" \/>\n<meta property=\"og:image\" content=\"https:\/\/www.dovinta.ca\/wp-content\/uploads\/2025\/10\/photo_2025-10-14_18-38-08.jpg\" \/>\n\t<meta property=\"og:image:width\" content=\"1280\" \/>\n\t<meta property=\"og:image:height\" content=\"960\" \/>\n\t<meta property=\"og:image:type\" content=\"image\/jpeg\" \/>\n<meta name=\"twitter:card\" content=\"summary_large_image\" \/>\n<meta name=\"twitter:label1\" content=\"Estimation du temps de lecture\" \/>\n\t<meta name=\"twitter:data1\" content=\"1 minute\" \/>\n<script type=\"application\/ld+json\" class=\"yoast-schema-graph\">{\"@context\":\"https:\/\/schema.org\",\"@graph\":[{\"@type\":\"WebPage\",\"@id\":\"https:\/\/www.dovinta.ca\/\",\"url\":\"https:\/\/www.dovinta.ca\/\",\"name\":\"Main - Dovinta\",\"isPartOf\":{\"@id\":\"https:\/\/www.dovinta.ca\/#website\"},\"primaryImageOfPage\":{\"@id\":\"https:\/\/www.dovinta.ca\/#primaryimage\"},\"image\":{\"@id\":\"https:\/\/www.dovinta.ca\/#primaryimage\"},\"thumbnailUrl\":\"https:\/\/www.dovinta.ca\/wp-content\/uploads\/2025\/10\/photo_2025-10-14_18-38-08.jpg\",\"datePublished\":\"2025-08-14T21:11:29+00:00\",\"dateModified\":\"2025-10-18T00:22:06+00:00\",\"breadcrumb\":{\"@id\":\"https:\/\/www.dovinta.ca\/#breadcrumb\"},\"inLanguage\":\"fr-CA\",\"potentialAction\":[{\"@type\":\"ReadAction\",\"target\":[\"https:\/\/www.dovinta.ca\/\"]}]},{\"@type\":\"ImageObject\",\"inLanguage\":\"fr-CA\",\"@id\":\"https:\/\/www.dovinta.ca\/#primaryimage\",\"url\":\"https:\/\/www.dovinta.ca\/wp-content\/uploads\/2025\/10\/photo_2025-10-14_18-38-08.jpg\",\"contentUrl\":\"https:\/\/www.dovinta.ca\/wp-content\/uploads\/2025\/10\/photo_2025-10-14_18-38-08.jpg\"},{\"@type\":\"BreadcrumbList\",\"@id\":\"https:\/\/www.dovinta.ca\/#breadcrumb\",\"itemListElement\":[{\"@type\":\"ListItem\",\"position\":1,\"name\":\"Home\",\"item\":\"https:\/\/www.dovinta.ca\/\"},{\"@type\":\"ListItem\",\"position\":2,\"name\":\"Main\"}]},{\"@type\":\"WebSite\",\"@id\":\"https:\/\/www.dovinta.ca\/#website\",\"url\":\"https:\/\/www.dovinta.ca\/\",\"name\":\"Dovinta\",\"description\":\"\",\"publisher\":{\"@id\":\"https:\/\/www.dovinta.ca\/#organization\"},\"potentialAction\":[{\"@type\":\"SearchAction\",\"target\":{\"@type\":\"EntryPoint\",\"urlTemplate\":\"https:\/\/www.dovinta.ca\/?s={search_term_string}\"},\"query-input\":{\"@type\":\"PropertyValueSpecification\",\"valueRequired\":true,\"valueName\":\"search_term_string\"}}],\"inLanguage\":\"fr-CA\"},{\"@type\":\"Organization\",\"@id\":\"https:\/\/www.dovinta.ca\/#organization\",\"name\":\"Dovinta\",\"url\":\"https:\/\/www.dovinta.ca\/\",\"logo\":{\"@type\":\"ImageObject\",\"inLanguage\":\"fr-CA\",\"@id\":\"https:\/\/www.dovinta.ca\/#\/schema\/logo\/image\/\",\"url\":\"https:\/\/www.dovinta.ca\/wp-content\/uploads\/2025\/08\/dovinta-logo-08-heavy-mech-01.png\",\"contentUrl\":\"https:\/\/www.dovinta.ca\/wp-content\/uploads\/2025\/08\/dovinta-logo-08-heavy-mech-01.png\",\"width\":350,\"height\":172,\"caption\":\"Dovinta\"},\"image\":{\"@id\":\"https:\/\/www.dovinta.ca\/#\/schema\/logo\/image\/\"}}]}<\/script>\n<!-- \/ Yoast SEO plugin. -->","yoast_head_json":{"title":"Main - Dovinta","robots":{"index":"index","follow":"follow","max-snippet":"max-snippet:-1","max-image-preview":"max-image-preview:large","max-video-preview":"max-video-preview:-1"},"canonical":"https:\/\/www.dovinta.ca\/fr\/","og_locale":"fr_CA","og_type":"article","og_title":"Main - Dovinta","og_description":"MAKING YOUR FLEET MOVE We specialize on complex system diagnostics and repairs\u00a0 Talk to dispatcher Our Services Truck Service We specialize in complex truck electronics \u2014 advanced diagnostics, wiring repairs, and module troubleshooting that others can\u2019t fix. Read More ABOUT US Engineers as Mechanics At Dovinta, we\u2019ve been providing expert mechanical services since 2006 \u2014 [&hellip;]","og_url":"https:\/\/www.dovinta.ca\/fr\/","og_site_name":"Dovinta","article_modified_time":"2025-10-18T00:22:06+00:00","og_image":[{"width":1280,"height":960,"url":"https:\/\/www.dovinta.ca\/wp-content\/uploads\/2025\/10\/photo_2025-10-14_18-38-08.jpg","type":"image\/jpeg"}],"twitter_card":"summary_large_image","twitter_misc":{"Estimation du temps de lecture":"1 minute"},"schema":{"@context":"https:\/\/schema.org","@graph":[{"@type":"WebPage","@id":"https:\/\/www.dovinta.ca\/","url":"https:\/\/www.dovinta.ca\/","name":"Main - Dovinta","isPartOf":{"@id":"https:\/\/www.dovinta.ca\/#website"},"primaryImageOfPage":{"@id":"https:\/\/www.dovinta.ca\/#primaryimage"},"image":{"@id":"https:\/\/www.dovinta.ca\/#primaryimage"},"thumbnailUrl":"https:\/\/www.dovinta.ca\/wp-content\/uploads\/2025\/10\/photo_2025-10-14_18-38-08.jpg","datePublished":"2025-08-14T21:11:29+00:00","dateModified":"2025-10-18T00:22:06+00:00","breadcrumb":{"@id":"https:\/\/www.dovinta.ca\/#breadcrumb"},"inLanguage":"fr-CA","potentialAction":[{"@type":"ReadAction","target":["https:\/\/www.dovinta.ca\/"]}]},{"@type":"ImageObject","inLanguage":"fr-CA","@id":"https:\/\/www.dovinta.ca\/#primaryimage","url":"https:\/\/www.dovinta.ca\/wp-content\/uploads\/2025\/10\/photo_2025-10-14_18-38-08.jpg","contentUrl":"https:\/\/www.dovinta.ca\/wp-content\/uploads\/2025\/10\/photo_2025-10-14_18-38-08.jpg"},{"@type":"BreadcrumbList","@id":"https:\/\/www.dovinta.ca\/#breadcrumb","itemListElement":[{"@type":"ListItem","position":1,"name":"Home","item":"https:\/\/www.dovinta.ca\/"},{"@type":"ListItem","position":2,"name":"Main"}]},{"@type":"WebSite","@id":"https:\/\/www.dovinta.ca\/#website","url":"https:\/\/www.dovinta.ca\/","name":"Dovinta","description":"","publisher":{"@id":"https:\/\/www.dovinta.ca\/#organization"},"potentialAction":[{"@type":"SearchAction","target":{"@type":"EntryPoint","urlTemplate":"https:\/\/www.dovinta.ca\/?s={search_term_string}"},"query-input":{"@type":"PropertyValueSpecification","valueRequired":true,"valueName":"search_term_string"}}],"inLanguage":"fr-CA"},{"@type":"Organization","@id":"https:\/\/www.dovinta.ca\/#organization","name":"Dovinta","url":"https:\/\/www.dovinta.ca\/","logo":{"@type":"ImageObject","inLanguage":"fr-CA","@id":"https:\/\/www.dovinta.ca\/#\/schema\/logo\/image\/","url":"https:\/\/www.dovinta.ca\/wp-content\/uploads\/2025\/08\/dovinta-logo-08-heavy-mech-01.png","contentUrl":"https:\/\/www.dovinta.ca\/wp-content\/uploads\/2025\/08\/dovinta-logo-08-heavy-mech-01.png","width":350,"height":172,"caption":"Dovinta"},"image":{"@id":"https:\/\/www.dovinta.ca\/#\/schema\/logo\/image\/"}}]}},"uagb_featured_image_src":{"full":false,"thumbnail":false,"medium":false,"medium_large":false,"large":false,"1536x1536":false,"2048x2048":false,"trp-custom-language-flag":false},"uagb_author_info":{"display_name":"Alexandra","author_link":"https:\/\/www.dovinta.ca\/fr\/author\/alexandra\/"},"uagb_comment_info":0,"uagb_excerpt":"MAKING YOUR FLEET MOVE We specialize on complex system diagnostics and repairs\u00a0 Talk to dispatcher Our Services Truck Service We specialize in complex truck electronics \u2014 advanced diagnostics, wiring repairs, and module troubleshooting that others can\u2019t fix. Read More ABOUT US Engineers as Mechanics At Dovinta, we\u2019ve been providing expert mechanical services since 2006 \u2014&hellip;","_links":{"self":[{"href":"https:\/\/www.dovinta.ca\/fr\/wp-json\/wp\/v2\/pages\/1318","targetHints":{"allow":["GET"]}}],"collection":[{"href":"https:\/\/www.dovinta.ca\/fr\/wp-json\/wp\/v2\/pages"}],"about":[{"href":"https:\/\/www.dovinta.ca\/fr\/wp-json\/wp\/v2\/types\/page"}],"author":[{"embeddable":true,"href":"https:\/\/www.dovinta.ca\/fr\/wp-json\/wp\/v2\/users\/1"}],"replies":[{"embeddable":true,"href":"https:\/\/www.dovinta.ca\/fr\/wp-json\/wp\/v2\/comments?post=1318"}],"version-history":[{"count":162,"href":"https:\/\/www.dovinta.ca\/fr\/wp-json\/wp\/v2\/pages\/1318\/revisions"}],"predecessor-version":[{"id":2999,"href":"https:\/\/www.dovinta.ca\/fr\/wp-json\/wp\/v2\/pages\/1318\/revisions\/2999"}],"wp:attachment":[{"href":"https:\/\/www.dovinta.ca\/fr\/wp-json\/wp\/v2\/media?parent=1318"}],"wp:term":[{"taxonomy":"service_type","embeddable":true,"href":"https:\/\/www.dovinta.ca\/fr\/wp-json\/wp\/v2\/service_type?post=1318"}],"curies":[{"name":"wp","href":"https:\/\/api.w.org\/{rel}","templated":true}]}}