{"id":14,"date":"2025-08-14T21:11:29","date_gmt":"2025-08-14T21:11:29","guid":{"rendered":"https:\/\/www.dovinta.ca\/about\/"},"modified":"2025-09-01T03:02:43","modified_gmt":"2025-09-01T03:02:43","slug":"about","status":"publish","type":"page","link":"https:\/\/www.dovinta.ca\/fr\/about\/","title":{"rendered":"\u00c0 propos"},"content":{"rendered":"<div data-elementor-type=\"wp-page\" data-elementor-id=\"14\" class=\"elementor elementor-14\">\n\t\t\t\t<div class=\"elementor-element elementor-element-e02ab07 e-flex e-con-boxed e-con e-parent\" data-id=\"e02ab07\" data-element_type=\"container\">\n\t\t\t\t\t<div class=\"e-con-inner\">\n\t\t\t\t<div class=\"elementor-element elementor-element-28c866d elementor-widget elementor-widget-heading\" data-id=\"28c866d\" data-element_type=\"widget\" data-widget_type=\"heading.default\">\n\t\t\t\t<div class=\"elementor-widget-container\">\n\t\t\t\t\t<h2 class=\"elementor-heading-title elementor-size-default\">\u00c0 propos de nous:<\/h2>\t\t\t\t<\/div>\n\t\t\t\t<\/div>\n\t\t\t\t\t<\/div>\n\t\t\t\t<\/div>\n\t\t<div class=\"elementor-element elementor-element-ed45cd2 e-flex e-con-boxed e-con e-parent\" data-id=\"ed45cd2\" data-element_type=\"container\">\n\t\t\t\t\t<div class=\"e-con-inner\">\n\t\t\t\t<div class=\"elementor-element elementor-element-13926ff elementor-widget elementor-widget-text-editor\" data-id=\"13926ff\" data-element_type=\"widget\" data-widget_type=\"text-editor.default\">\n\t\t\t\t<div class=\"elementor-widget-container\">\n\t\t\t\t\t\t\t\t\t<p data-start=\"243\" data-end=\"609\">Chez Dovinta, nous offrons des services m\u00e9caniques sp\u00e9cialis\u00e9s depuis 2006 \u2014 pr\u00e8s de deux d\u00e9cennies de d\u00e9vouement, d'exp\u00e9rience pratique et d'une passion profonde pour l'ing\u00e9nierie. Ce qui nous distingue, ce n\u2019est pas seulement notre expertise technique, mais aussi notre compr\u00e9hension unique des besoins de nos clients, forg\u00e9e par des ann\u00e9es de gestion logistique et d\u2019exploitation de camions lourds.<\/p><p data-start=\"611\" data-end=\"873\">Nous croyons en l\u2019importance d\u2019offrir le type de service que nous aimerions recevoir \u2014 honn\u00eate, fiable et pleinement engag\u00e9. Pour nous, il ne s\u2019agit pas seulement de profit, mais de passion. La plus grande r\u00e9compense, c\u2019est la confiance et la reconnaissance de nos clients qui reviennent.<\/p><p data-start=\"875\" data-end=\"1155\">Notre \u00e9quipe est le c\u0153ur de notre entreprise. Nous consid\u00e9rons chaque membre du personnel comme un membre de la famille, et chaque client comme un partenaire. La qualit\u00e9 n\u2019est pas qu\u2019une promesse \u2014 c\u2019est un \u00e9tat d\u2019esprit. Nous savons que tout ne se passe pas toujours comme pr\u00e9vu, c\u2019est pourquoi la flexibilit\u00e9 et l\u2019excellence sont au centre de tout ce que nous faisons.<\/p><p>Dites-nous comment nous pouvons vous aider. Nous sommes l\u00e0 pour vous accompagner, pas seulement pour r\u00e9parer vos probl\u00e8mes.<\/p>\t\t\t\t\t\t\t\t<\/div>\n\t\t\t\t<\/div>\n\t\t\t\t\t<\/div>\n\t\t\t\t<\/div>\n\t\t<div class=\"elementor-element elementor-element-500861b e-flex e-con-boxed e-con e-parent\" data-id=\"500861b\" data-element_type=\"container\">\n\t\t\t\t\t<div class=\"e-con-inner\">\n\t\t<div class=\"elementor-element elementor-element-7dbc6fb e-con-full e-flex e-con e-child\" data-id=\"7dbc6fb\" data-element_type=\"container\">\n\t\t\t\t<div class=\"elementor-element elementor-element-e9a8c1e elementor-widget elementor-widget-image\" data-id=\"e9a8c1e\" data-element_type=\"widget\" data-widget_type=\"image.default\">\n\t\t\t\t<div class=\"elementor-widget-container\">\n\t\t\t\t\t\t\t\t\t\t\t\t\t\t\t<img fetchpriority=\"high\" decoding=\"async\" width=\"768\" height=\"1024\" src=\"https:\/\/www.dovinta.ca\/wp-content\/uploads\/2025\/08\/case_1_15-768x1024.jpg\" class=\"attachment-medium_large size-medium_large wp-image-2571\" alt=\"\" srcset=\"https:\/\/www.dovinta.ca\/wp-content\/uploads\/2025\/08\/case_1_15-768x1024.jpg 768w, https:\/\/www.dovinta.ca\/wp-content\/uploads\/2025\/08\/case_1_15-225x300.jpg 225w, https:\/\/www.dovinta.ca\/wp-content\/uploads\/2025\/08\/case_1_15-1152x1536.jpg 1152w, https:\/\/www.dovinta.ca\/wp-content\/uploads\/2025\/08\/case_1_15-1536x2048.jpg 1536w, https:\/\/www.dovinta.ca\/wp-content\/uploads\/2025\/08\/case_1_15-9x12.jpg 9w, https:\/\/www.dovinta.ca\/wp-content\/uploads\/2025\/08\/case_1_15-scaled.jpg 1920w\" sizes=\"(max-width: 768px) 100vw, 768px\" \/>\t\t\t\t\t\t\t\t\t\t\t\t\t\t\t<\/div>\n\t\t\t\t<\/div>\n\t\t<div class=\"elementor-element elementor-element-51b695b e-flex e-con-boxed e-con e-child\" data-id=\"51b695b\" data-element_type=\"container\">\n\t\t\t\t\t<div class=\"e-con-inner\">\n\t\t<div class=\"elementor-element elementor-element-bda37a0 e-flex e-con-boxed e-con e-child\" data-id=\"bda37a0\" data-element_type=\"container\">\n\t\t\t\t\t<div class=\"e-con-inner\">\n\t\t\t\t<div class=\"elementor-element elementor-element-1078e9d elementor-widget elementor-widget-hfe-infocard\" data-id=\"1078e9d\" data-element_type=\"widget\" data-widget_type=\"hfe-infocard.default\">\n\t\t\t\t<div class=\"elementor-widget-container\">\n\t\t\t\t\t\n\t\t<div class=\"hfe-infocard\">\n\t\t\t\t\t\t\t\t\t<div class=\"hfe-infocard-title-wrap\">\n\t\t\t\t<h3 class=\"hfe-infocard-title elementor-inline-editing\" data-elementor-setting-key=\"infocard_title\" data-elementor-inline-editing-toolbar=\"basic\" >Notre Mission<\/h3>\t\t\t<\/div>\n\t\t\t\t\t\t<div class=\"hfe-infocard-text-wrap\">\n\t\t\t\t<div class=\"hfe-infocard-text elementor-inline-editing\" data-elementor-setting-key=\"infocard_description\" data-elementor-inline-editing-toolbar=\"advanced\">\n\t\t\t\t\t<p>Fournir des services m\u00e9caniques honn\u00eates et de haute qualit\u00e9, avec une approche centr\u00e9e sur le client, fond\u00e9e sur l\u2019exp\u00e9rience du terrain et la passion pour l\u2019ing\u00e9nierie.<\/p>\t\t\t\t<\/div>\n\t\t\t\t\t\t\t<\/div>\n\t\t<\/div>\n\n\t\t\t\t\t\t<\/div>\n\t\t\t\t<\/div>\n\t\t\t\t\t<\/div>\n\t\t\t\t<\/div>\n\t\t<div class=\"elementor-element elementor-element-8c3d36e e-flex e-con-boxed e-con e-child\" data-id=\"8c3d36e\" data-element_type=\"container\">\n\t\t\t\t\t<div class=\"e-con-inner\">\n\t\t\t\t<div class=\"elementor-element elementor-element-dc17847 elementor-widget elementor-widget-hfe-infocard\" data-id=\"dc17847\" data-element_type=\"widget\" data-widget_type=\"hfe-infocard.default\">\n\t\t\t\t<div class=\"elementor-widget-container\">\n\t\t\t\t\t\n\t\t<div class=\"hfe-infocard\">\n\t\t\t\t\t\t\t\t\t<div class=\"hfe-infocard-title-wrap\">\n\t\t\t\t<h3 class=\"hfe-infocard-title elementor-inline-editing\" data-elementor-setting-key=\"infocard_title\" data-elementor-inline-editing-toolbar=\"basic\" >Nos valeurs<\/h3>\t\t\t<\/div>\n\t\t\t\t\t\t<div class=\"hfe-infocard-text-wrap\">\n\t\t\t\t<div class=\"hfe-infocard-text elementor-inline-editing\" data-elementor-setting-key=\"infocard_description\" data-elementor-inline-editing-toolbar=\"advanced\">\n\t\t\t\t\tNous nous effor\u00e7ons de d\u00e9passer les attentes de nos clients, quels que soient les d\u00e9fis. Notre objectif est de fournir le meilleur de notre travail, chaque jour, dans l\u2019ensemble de nos services.\t\t\t\t<\/div>\n\t\t\t\t\t\t\t<\/div>\n\t\t<\/div>\n\n\t\t\t\t\t\t<\/div>\n\t\t\t\t<\/div>\n\t\t\t\t\t<\/div>\n\t\t\t\t<\/div>\n\t\t\t\t\t<\/div>\n\t\t\t\t<\/div>\n\t\t\t\t<\/div>\n\t\t\t\t\t<\/div>\n\t\t\t\t<\/div>\n\t\t<div class=\"elementor-element elementor-element-e390116 e-flex e-con-boxed e-con e-parent\" data-id=\"e390116\" data-element_type=\"container\">\n\t\t\t\t\t<div class=\"e-con-inner\">\n\t\t<div class=\"elementor-element elementor-element-fac9506 e-con-full e-flex e-con e-child\" data-id=\"fac9506\" data-element_type=\"container\">\n\t\t\t\t<div class=\"elementor-element elementor-element-ef17e4f elementor-widget elementor-widget-image\" data-id=\"ef17e4f\" data-element_type=\"widget\" data-widget_type=\"image.default\">\n\t\t\t\t<div class=\"elementor-widget-container\">\n\t\t\t\t\t\t\t\t\t\t\t\t\t\t\t<img decoding=\"async\" src=\"https:\/\/www.dovinta.ca\/wp-content\/uploads\/2021\/11\/quotes.svg\" class=\"attachment-full size-full wp-image-117\" alt=\"\" \/>\t\t\t\t\t\t\t\t\t\t\t\t\t\t\t<\/div>\n\t\t\t\t<\/div>\n\t\t\t\t<div class=\"elementor-element elementor-element-46de6ca elementor-widget elementor-widget-heading\" data-id=\"46de6ca\" data-element_type=\"widget\" data-widget_type=\"heading.default\">\n\t\t\t\t<div class=\"elementor-widget-container\">\n\t\t\t\t\t<h4 class=\"elementor-heading-title elementor-size-default\">\u00ab\u202fDovinta dispose d\u2019une \u00e9quipe formidable de professionnels d\u00e9vou\u00e9s. Ce fut un plaisir de collaborer avec eux.\u202f\u00bb<\/h4>\t\t\t\t<\/div>\n\t\t\t\t<\/div>\n\t\t\t\t<div class=\"elementor-element elementor-element-ce51aac elementor-widget elementor-widget-text-editor\" data-id=\"ce51aac\" data-element_type=\"widget\" data-widget_type=\"text-editor.default\">\n\t\t\t\t<div class=\"elementor-widget-container\">\n\t\t\t\t\t\t\t\t\t<p class=\"translation-block\"><strong>Dave Husky<\/strong>, directeur technique (CTO) de IRT Heavy Industries (Division MTL)<\/p>\t\t\t\t\t\t\t\t<\/div>\n\t\t\t\t<\/div>\n\t\t\t\t<\/div>\n\t\t\t\t\t<\/div>\n\t\t\t\t<\/div>\n\t\t\t\t<\/div>","protected":false},"excerpt":{"rendered":"<p>About us: At Dovinta, we\u2019ve been providing expert mechanical services since 2006 \u2014 nearly two decades of dedication, hands-on experience, and a deep-rooted passion for engineering. What sets us apart isn\u2019t just our technical knowledge, but our unique understanding of our customers&#8217; needs, shaped by years of owning and operating heavy trucks and managing logistics [&hellip;]<\/p>","protected":false},"author":1,"featured_media":0,"parent":0,"menu_order":0,"comment_status":"closed","ping_status":"closed","template":"elementor_header_footer","meta":{"_editorskit_title_hidden":false,"_editorskit_reading_time":0,"_editorskit_is_block_options_detached":false,"_editorskit_block_options_position":"{}","_uag_custom_page_level_css":"","footnotes":""},"service_type":[],"class_list":["post-14","page","type-page","status-publish","hentry"],"yoast_head":"<!-- This site is optimized with the Yoast SEO plugin v25.8 - https:\/\/yoast.com\/wordpress\/plugins\/seo\/ -->\n<title>About - Dovinta<\/title>\n<meta name=\"robots\" content=\"index, follow, max-snippet:-1, max-image-preview:large, max-video-preview:-1\" \/>\n<link rel=\"canonical\" href=\"https:\/\/www.dovinta.ca\/fr\/about\/\" \/>\n<meta property=\"og:locale\" content=\"fr_CA\" \/>\n<meta property=\"og:type\" content=\"article\" \/>\n<meta property=\"og:title\" content=\"About - Dovinta\" \/>\n<meta property=\"og:description\" content=\"About us: At Dovinta, we\u2019ve been providing expert mechanical services since 2006 \u2014 nearly two decades of dedication, hands-on experience, and a deep-rooted passion for engineering. What sets us apart isn\u2019t just our technical knowledge, but our unique understanding of our customers&#8217; needs, shaped by years of owning and operating heavy trucks and managing logistics [&hellip;]\" \/>\n<meta property=\"og:url\" content=\"https:\/\/www.dovinta.ca\/fr\/about\/\" \/>\n<meta property=\"og:site_name\" content=\"Dovinta\" \/>\n<meta property=\"article:modified_time\" content=\"2025-09-01T03:02:43+00:00\" \/>\n<meta property=\"og:image\" content=\"https:\/\/www.dovinta.ca\/wp-content\/uploads\/2025\/08\/case_1_15-scaled.jpg\" \/>\n\t<meta property=\"og:image:width\" content=\"1920\" \/>\n\t<meta property=\"og:image:height\" content=\"2560\" \/>\n\t<meta property=\"og:image:type\" content=\"image\/jpeg\" \/>\n<meta name=\"twitter:card\" content=\"summary_large_image\" \/>\n<meta name=\"twitter:label1\" content=\"Estimation du temps de lecture\" \/>\n\t<meta name=\"twitter:data1\" content=\"2 minutes\" \/>\n<script type=\"application\/ld+json\" class=\"yoast-schema-graph\">{\"@context\":\"https:\/\/schema.org\",\"@graph\":[{\"@type\":\"WebPage\",\"@id\":\"https:\/\/www.dovinta.ca\/about\/\",\"url\":\"https:\/\/www.dovinta.ca\/about\/\",\"name\":\"About - Dovinta\",\"isPartOf\":{\"@id\":\"https:\/\/www.dovinta.ca\/#website\"},\"primaryImageOfPage\":{\"@id\":\"https:\/\/www.dovinta.ca\/about\/#primaryimage\"},\"image\":{\"@id\":\"https:\/\/www.dovinta.ca\/about\/#primaryimage\"},\"thumbnailUrl\":\"https:\/\/www.dovinta.ca\/wp-content\/uploads\/2025\/08\/case_1_15-768x1024.jpg\",\"datePublished\":\"2025-08-14T21:11:29+00:00\",\"dateModified\":\"2025-09-01T03:02:43+00:00\",\"breadcrumb\":{\"@id\":\"https:\/\/www.dovinta.ca\/about\/#breadcrumb\"},\"inLanguage\":\"fr-CA\",\"potentialAction\":[{\"@type\":\"ReadAction\",\"target\":[\"https:\/\/www.dovinta.ca\/about\/\"]}]},{\"@type\":\"ImageObject\",\"inLanguage\":\"fr-CA\",\"@id\":\"https:\/\/www.dovinta.ca\/about\/#primaryimage\",\"url\":\"https:\/\/www.dovinta.ca\/wp-content\/uploads\/2025\/08\/case_1_15-768x1024.jpg\",\"contentUrl\":\"https:\/\/www.dovinta.ca\/wp-content\/uploads\/2025\/08\/case_1_15-768x1024.jpg\"},{\"@type\":\"BreadcrumbList\",\"@id\":\"https:\/\/www.dovinta.ca\/about\/#breadcrumb\",\"itemListElement\":[{\"@type\":\"ListItem\",\"position\":1,\"name\":\"Home\",\"item\":\"https:\/\/www.dovinta.ca\/\"},{\"@type\":\"ListItem\",\"position\":2,\"name\":\"About\"}]},{\"@type\":\"WebSite\",\"@id\":\"https:\/\/www.dovinta.ca\/#website\",\"url\":\"https:\/\/www.dovinta.ca\/\",\"name\":\"Dovinta\",\"description\":\"\",\"publisher\":{\"@id\":\"https:\/\/www.dovinta.ca\/#organization\"},\"potentialAction\":[{\"@type\":\"SearchAction\",\"target\":{\"@type\":\"EntryPoint\",\"urlTemplate\":\"https:\/\/www.dovinta.ca\/?s={search_term_string}\"},\"query-input\":{\"@type\":\"PropertyValueSpecification\",\"valueRequired\":true,\"valueName\":\"search_term_string\"}}],\"inLanguage\":\"fr-CA\"},{\"@type\":\"Organization\",\"@id\":\"https:\/\/www.dovinta.ca\/#organization\",\"name\":\"Dovinta\",\"url\":\"https:\/\/www.dovinta.ca\/\",\"logo\":{\"@type\":\"ImageObject\",\"inLanguage\":\"fr-CA\",\"@id\":\"https:\/\/www.dovinta.ca\/#\/schema\/logo\/image\/\",\"url\":\"https:\/\/www.dovinta.ca\/wp-content\/uploads\/2025\/08\/dovinta-logo-08-heavy-mech-01.png\",\"contentUrl\":\"https:\/\/www.dovinta.ca\/wp-content\/uploads\/2025\/08\/dovinta-logo-08-heavy-mech-01.png\",\"width\":350,\"height\":172,\"caption\":\"Dovinta\"},\"image\":{\"@id\":\"https:\/\/www.dovinta.ca\/#\/schema\/logo\/image\/\"}}]}<\/script>\n<!-- \/ Yoast SEO plugin. -->","yoast_head_json":{"title":"About - Dovinta","robots":{"index":"index","follow":"follow","max-snippet":"max-snippet:-1","max-image-preview":"max-image-preview:large","max-video-preview":"max-video-preview:-1"},"canonical":"https:\/\/www.dovinta.ca\/fr\/about\/","og_locale":"fr_CA","og_type":"article","og_title":"About - Dovinta","og_description":"About us: At Dovinta, we\u2019ve been providing expert mechanical services since 2006 \u2014 nearly two decades of dedication, hands-on experience, and a deep-rooted passion for engineering. What sets us apart isn\u2019t just our technical knowledge, but our unique understanding of our customers&#8217; needs, shaped by years of owning and operating heavy trucks and managing logistics [&hellip;]","og_url":"https:\/\/www.dovinta.ca\/fr\/about\/","og_site_name":"Dovinta","article_modified_time":"2025-09-01T03:02:43+00:00","og_image":[{"width":1920,"height":2560,"url":"https:\/\/www.dovinta.ca\/wp-content\/uploads\/2025\/08\/case_1_15-scaled.jpg","type":"image\/jpeg"}],"twitter_card":"summary_large_image","twitter_misc":{"Estimation du temps de lecture":"2 minutes"},"schema":{"@context":"https:\/\/schema.org","@graph":[{"@type":"WebPage","@id":"https:\/\/www.dovinta.ca\/about\/","url":"https:\/\/www.dovinta.ca\/about\/","name":"About - Dovinta","isPartOf":{"@id":"https:\/\/www.dovinta.ca\/#website"},"primaryImageOfPage":{"@id":"https:\/\/www.dovinta.ca\/about\/#primaryimage"},"image":{"@id":"https:\/\/www.dovinta.ca\/about\/#primaryimage"},"thumbnailUrl":"https:\/\/www.dovinta.ca\/wp-content\/uploads\/2025\/08\/case_1_15-768x1024.jpg","datePublished":"2025-08-14T21:11:29+00:00","dateModified":"2025-09-01T03:02:43+00:00","breadcrumb":{"@id":"https:\/\/www.dovinta.ca\/about\/#breadcrumb"},"inLanguage":"fr-CA","potentialAction":[{"@type":"ReadAction","target":["https:\/\/www.dovinta.ca\/about\/"]}]},{"@type":"ImageObject","inLanguage":"fr-CA","@id":"https:\/\/www.dovinta.ca\/about\/#primaryimage","url":"https:\/\/www.dovinta.ca\/wp-content\/uploads\/2025\/08\/case_1_15-768x1024.jpg","contentUrl":"https:\/\/www.dovinta.ca\/wp-content\/uploads\/2025\/08\/case_1_15-768x1024.jpg"},{"@type":"BreadcrumbList","@id":"https:\/\/www.dovinta.ca\/about\/#breadcrumb","itemListElement":[{"@type":"ListItem","position":1,"name":"Home","item":"https:\/\/www.dovinta.ca\/"},{"@type":"ListItem","position":2,"name":"About"}]},{"@type":"WebSite","@id":"https:\/\/www.dovinta.ca\/#website","url":"https:\/\/www.dovinta.ca\/","name":"Dovinta","description":"","publisher":{"@id":"https:\/\/www.dovinta.ca\/#organization"},"potentialAction":[{"@type":"SearchAction","target":{"@type":"EntryPoint","urlTemplate":"https:\/\/www.dovinta.ca\/?s={search_term_string}"},"query-input":{"@type":"PropertyValueSpecification","valueRequired":true,"valueName":"search_term_string"}}],"inLanguage":"fr-CA"},{"@type":"Organization","@id":"https:\/\/www.dovinta.ca\/#organization","name":"Dovinta","url":"https:\/\/www.dovinta.ca\/","logo":{"@type":"ImageObject","inLanguage":"fr-CA","@id":"https:\/\/www.dovinta.ca\/#\/schema\/logo\/image\/","url":"https:\/\/www.dovinta.ca\/wp-content\/uploads\/2025\/08\/dovinta-logo-08-heavy-mech-01.png","contentUrl":"https:\/\/www.dovinta.ca\/wp-content\/uploads\/2025\/08\/dovinta-logo-08-heavy-mech-01.png","width":350,"height":172,"caption":"Dovinta"},"image":{"@id":"https:\/\/www.dovinta.ca\/#\/schema\/logo\/image\/"}}]}},"uagb_featured_image_src":{"full":false,"thumbnail":false,"medium":false,"medium_large":false,"large":false,"1536x1536":false,"2048x2048":false,"trp-custom-language-flag":false},"uagb_author_info":{"display_name":"Alexandra","author_link":"https:\/\/www.dovinta.ca\/fr\/author\/alexandra\/"},"uagb_comment_info":0,"uagb_excerpt":"About us: At Dovinta, we\u2019ve been providing expert mechanical services since 2006 \u2014 nearly two decades of dedication, hands-on experience, and a deep-rooted passion for engineering. What sets us apart isn\u2019t just our technical knowledge, but our unique understanding of our customers&#8217; needs, shaped by years of owning and operating heavy trucks and managing logistics&hellip;","_links":{"self":[{"href":"https:\/\/www.dovinta.ca\/fr\/wp-json\/wp\/v2\/pages\/14","targetHints":{"allow":["GET"]}}],"collection":[{"href":"https:\/\/www.dovinta.ca\/fr\/wp-json\/wp\/v2\/pages"}],"about":[{"href":"https:\/\/www.dovinta.ca\/fr\/wp-json\/wp\/v2\/types\/page"}],"author":[{"embeddable":true,"href":"https:\/\/www.dovinta.ca\/fr\/wp-json\/wp\/v2\/users\/1"}],"replies":[{"embeddable":true,"href":"https:\/\/www.dovinta.ca\/fr\/wp-json\/wp\/v2\/comments?post=14"}],"version-history":[{"count":45,"href":"https:\/\/www.dovinta.ca\/fr\/wp-json\/wp\/v2\/pages\/14\/revisions"}],"predecessor-version":[{"id":2816,"href":"https:\/\/www.dovinta.ca\/fr\/wp-json\/wp\/v2\/pages\/14\/revisions\/2816"}],"wp:attachment":[{"href":"https:\/\/www.dovinta.ca\/fr\/wp-json\/wp\/v2\/media?parent=14"}],"wp:term":[{"taxonomy":"service_type","embeddable":true,"href":"https:\/\/www.dovinta.ca\/fr\/wp-json\/wp\/v2\/service_type?post=14"}],"curies":[{"name":"wp","href":"https:\/\/api.w.org\/{rel}","templated":true}]}}