{"id":16,"date":"2025-08-14T21:11:30","date_gmt":"2025-08-14T21:11:30","guid":{"rendered":"https:\/\/www.dovinta.ca\/contact\/"},"modified":"2025-08-30T19:10:06","modified_gmt":"2025-08-30T19:10:06","slug":"contact","status":"publish","type":"page","link":"https:\/\/www.dovinta.ca\/fr\/contact\/","title":{"rendered":"Contactez-nous"},"content":{"rendered":"<div data-elementor-type=\"wp-page\" data-elementor-id=\"16\" class=\"elementor elementor-16\">\n\t\t\t\t<div class=\"elementor-element elementor-element-ff5f511 e-flex e-con-boxed e-con e-parent\" data-id=\"ff5f511\" data-element_type=\"container\">\n\t\t\t\t\t<div class=\"e-con-inner\">\n\t\t<div class=\"elementor-element elementor-element-b8ab7ad e-con-full e-flex e-con e-child\" data-id=\"b8ab7ad\" data-element_type=\"container\">\n\t\t\t\t<div class=\"elementor-element elementor-element-e7ad7cd elementor-widget elementor-widget-heading\" data-id=\"e7ad7cd\" data-element_type=\"widget\" data-widget_type=\"heading.default\">\n\t\t\t\t<div class=\"elementor-widget-container\">\n\t\t\t\t\t<h4 class=\"elementor-heading-title elementor-size-default\">Vous pouvez nous trouver \u00e0<\/h4>\t\t\t\t<\/div>\n\t\t\t\t<\/div>\n\t\t\t\t<div class=\"elementor-element elementor-element-185d908 elementor-widget elementor-widget-icon-box\" data-id=\"185d908\" data-element_type=\"widget\" data-widget_type=\"icon-box.default\">\n\t\t\t\t<div class=\"elementor-widget-container\">\n\t\t\t\t\t\t\t<div class=\"elementor-icon-box-wrapper\">\n\n\t\t\t\n\t\t\t\t\t\t<div class=\"elementor-icon-box-content\">\n\n\t\t\t\t\t\t\t\t\t<h6 class=\"elementor-icon-box-title\">\n\t\t\t\t\t\t<span  >\n\t\t\t\t\t\t\tCOURRIEL\t\t\t\t\t\t<\/span>\n\t\t\t\t\t<\/h6>\n\t\t\t\t\n\t\t\t\t\t\t\t\t\t<p class=\"elementor-icon-box-description\">\n\t\t\t\t\t\tinfo@dovinta.ca\t\t\t\t\t<\/p>\n\t\t\t\t\n\t\t\t<\/div>\n\t\t\t\n\t\t<\/div>\n\t\t\t\t\t\t<\/div>\n\t\t\t\t<\/div>\n\t\t\t\t<div class=\"elementor-element elementor-element-eaad622 elementor-widget elementor-widget-icon-box\" data-id=\"eaad622\" data-element_type=\"widget\" data-widget_type=\"icon-box.default\">\n\t\t\t\t<div class=\"elementor-widget-container\">\n\t\t\t\t\t\t\t<div class=\"elementor-icon-box-wrapper\">\n\n\t\t\t\n\t\t\t\t\t\t<div class=\"elementor-icon-box-content\">\n\n\t\t\t\t\t\t\t\t\t<h6 class=\"elementor-icon-box-title\">\n\t\t\t\t\t\t<a href=\"tel:+14373204030\" >\n\t\t\t\t\t\t\tNUM\u00c9RO DE T\u00c9L\u00c9PHONE\t\t\t\t\t\t<\/a>\n\t\t\t\t\t<\/h6>\n\t\t\t\t\n\t\t\t\t\t\t\t\t\t<p class=\"elementor-icon-box-description\">\n\t\t\t\t\t\t<a href=\"tel:+14373204030\">+1 (437) 320-40-30<\/a>\t\t\t\t\t<\/p>\n\t\t\t\t\n\t\t\t<\/div>\n\t\t\t\n\t\t<\/div>\n\t\t\t\t\t\t<\/div>\n\t\t\t\t<\/div>\n\t\t\t\t<div class=\"elementor-element elementor-element-a45bd6a elementor-widget elementor-widget-icon-box\" data-id=\"a45bd6a\" data-element_type=\"widget\" data-widget_type=\"icon-box.default\">\n\t\t\t\t<div class=\"elementor-widget-container\">\n\t\t\t\t\t\t\t<div class=\"elementor-icon-box-wrapper\">\n\n\t\t\t\n\t\t\t\t\t\t<div class=\"elementor-icon-box-content\">\n\n\t\t\t\t\t\t\t\t\t<h6 class=\"elementor-icon-box-title\">\n\t\t\t\t\t\t<span  >\n\t\t\t\t\t\t\tEMPLACEMENT QC\t\t\t\t\t\t<\/span>\n\t\t\t\t\t<\/h6>\n\t\t\t\t\n\t\t\t\t\t\t\t\t\t<p class=\"elementor-icon-box-description\">\n\t\t\t\t\t\t192 Rue Lavoie, Delson, QC J5B 1X4\t\t\t\t\t<\/p>\n\t\t\t\t\n\t\t\t<\/div>\n\t\t\t\n\t\t<\/div>\n\t\t\t\t\t\t<\/div>\n\t\t\t\t<\/div>\n\t\t\t\t<div class=\"elementor-element elementor-element-dedeba0 elementor-widget elementor-widget-icon-box\" data-id=\"dedeba0\" data-element_type=\"widget\" data-widget_type=\"icon-box.default\">\n\t\t\t\t<div class=\"elementor-widget-container\">\n\t\t\t\t\t\t\t<div class=\"elementor-icon-box-wrapper\">\n\n\t\t\t\n\t\t\t\t\t\t<div class=\"elementor-icon-box-content\">\n\n\t\t\t\t\t\t\t\t\t<h6 class=\"elementor-icon-box-title\">\n\t\t\t\t\t\t<span  >\n\t\t\t\t\t\t\tEMPLACEMENT ON\t\t\t\t\t\t<\/span>\n\t\t\t\t\t<\/h6>\n\t\t\t\t\n\t\t\t\t\t\t\t\t\t<p class=\"elementor-icon-box-description\">\n\t\t\t\t\t\t2615 Blackwell St, Ottawa, ON\t\t\t\t\t<\/p>\n\t\t\t\t\n\t\t\t<\/div>\n\t\t\t\n\t\t<\/div>\n\t\t\t\t\t\t<\/div>\n\t\t\t\t<\/div>\n\t\t\t\t<div class=\"elementor-element elementor-element-ea06377 elementor-shape-rounded elementor-grid-0 e-grid-align-center elementor-widget elementor-widget-social-icons\" data-id=\"ea06377\" data-element_type=\"widget\" data-widget_type=\"social-icons.default\">\n\t\t\t\t<div class=\"elementor-widget-container\">\n\t\t\t\t\t\t\t<div class=\"elementor-social-icons-wrapper elementor-grid\" role=\"list\">\n\t\t\t\t\t\t\t<span class=\"elementor-grid-item\" role=\"listitem\">\n\t\t\t\t\t<a class=\"elementor-icon elementor-social-icon elementor-social-icon-facebook elementor-repeater-item-c184c1b\" href=\"https:\/\/www.facebook.com\/profile.php?id=61576341869413\" target=\"_blank\">\n\t\t\t\t\t\t<span class=\"elementor-screen-only\">Facebook<\/span>\n\t\t\t\t\t\t<i class=\"fab fa-facebook\"><\/i>\t\t\t\t\t<\/a>\n\t\t\t\t<\/span>\n\t\t\t\t\t\t\t<span class=\"elementor-grid-item\" role=\"listitem\">\n\t\t\t\t\t<a class=\"elementor-icon elementor-social-icon elementor-social-icon-instagram elementor-repeater-item-a376381\" href=\"https:\/\/www.instagram.com\/dovinta.inc?igsh=dTc3ODY0dm93NmNx\" target=\"_blank\">\n\t\t\t\t\t\t<span class=\"elementor-screen-only\">Instagram<\/span>\n\t\t\t\t\t\t<i class=\"fab fa-instagram\"><\/i>\t\t\t\t\t<\/a>\n\t\t\t\t<\/span>\n\t\t\t\t\t<\/div>\n\t\t\t\t\t\t<\/div>\n\t\t\t\t<\/div>\n\t\t\t\t<\/div>\n\t\t<div class=\"elementor-element elementor-element-2410c98 e-con-full e-flex e-con e-child\" data-id=\"2410c98\" data-element_type=\"container\">\n\t\t<div class=\"elementor-element elementor-element-6ad73ea e-con-full e-flex e-con e-child\" data-id=\"6ad73ea\" data-element_type=\"container\">\n\t\t\t\t<div class=\"elementor-element elementor-element-ae39b69 elementor-widget elementor-widget-google_maps\" data-id=\"ae39b69\" data-element_type=\"widget\" data-widget_type=\"google_maps.default\">\n\t\t\t\t<div class=\"elementor-widget-container\">\n\t\t\t\t\t\t\t<div class=\"elementor-custom-embed\">\n\t\t\t<iframe loading=\"lazy\"\n\t\t\t\t\tsrc=\"https:\/\/maps.google.com\/maps?q=192%20Rue%20Lavoie%2C%20Delson%2C%20QC%20J5B%201X4&#038;t=m&#038;z=10&#038;output=embed&#038;iwloc=near\"\n\t\t\t\t\ttitle=\"192 Rue Lavoie, Delson, QC J5B 1X4\"\n\t\t\t\t\taria-label=\"192 Rue Lavoie, Delson, QC J5B 1X4\"\n\t\t\t><\/iframe>\n\t\t<\/div>\n\t\t\t\t\t\t<\/div>\n\t\t\t\t<\/div>\n\t\t\t\t<div class=\"elementor-element elementor-element-1d10468 elementor-widget elementor-widget-google_maps\" data-id=\"1d10468\" data-element_type=\"widget\" data-widget_type=\"google_maps.default\">\n\t\t\t\t<div class=\"elementor-widget-container\">\n\t\t\t\t\t\t\t<div class=\"elementor-custom-embed\">\n\t\t\t<iframe loading=\"lazy\"\n\t\t\t\t\tsrc=\"https:\/\/maps.google.com\/maps?q=2615%20Blackwell%20St%2C%20Ottawa%2C%20ON&#038;t=m&#038;z=10&#038;output=embed&#038;iwloc=near\"\n\t\t\t\t\ttitle=\"2615 Blackwell St, Ottawa, ON\"\n\t\t\t\t\taria-label=\"2615 Blackwell St, Ottawa, ON\"\n\t\t\t><\/iframe>\n\t\t<\/div>\n\t\t\t\t\t\t<\/div>\n\t\t\t\t<\/div>\n\t\t\t\t<\/div>\n\t\t\t\t<\/div>\n\t\t\t\t\t<\/div>\n\t\t\t\t<\/div>\n\t\t\t\t<\/div>","protected":false},"excerpt":{"rendered":"<p>You can find us at EMAIL info@dovinta.ca PHONE NUMBER +1 (437) 320-40-30 LOCATION QC 192 Rue Lavoie, Delson, QC J5B 1X4 LOCATION ON 2615 Blackwell St, Ottawa, ON Facebook Instagram<\/p>","protected":false},"author":1,"featured_media":0,"parent":0,"menu_order":0,"comment_status":"closed","ping_status":"closed","template":"elementor_header_footer","meta":{"_editorskit_title_hidden":false,"_editorskit_reading_time":0,"_editorskit_is_block_options_detached":false,"_editorskit_block_options_position":"{}","_uag_custom_page_level_css":"","footnotes":""},"service_type":[],"class_list":["post-16","page","type-page","status-publish","hentry"],"yoast_head":"<!-- This site is optimized with the Yoast SEO plugin v25.8 - https:\/\/yoast.com\/wordpress\/plugins\/seo\/ -->\n<title>Contact - Dovinta<\/title>\n<meta name=\"robots\" content=\"index, follow, max-snippet:-1, max-image-preview:large, max-video-preview:-1\" \/>\n<link rel=\"canonical\" href=\"https:\/\/www.dovinta.ca\/fr\/contact\/\" \/>\n<meta property=\"og:locale\" content=\"fr_CA\" \/>\n<meta property=\"og:type\" content=\"article\" \/>\n<meta property=\"og:title\" content=\"Contact - Dovinta\" \/>\n<meta property=\"og:description\" content=\"You can find us at EMAIL info@dovinta.ca PHONE NUMBER +1 (437) 320-40-30 LOCATION QC 192 Rue Lavoie, Delson, QC J5B 1X4 LOCATION ON 2615 Blackwell St, Ottawa, ON Facebook Instagram\" \/>\n<meta property=\"og:url\" content=\"https:\/\/www.dovinta.ca\/fr\/contact\/\" \/>\n<meta property=\"og:site_name\" content=\"Dovinta\" \/>\n<meta property=\"article:modified_time\" content=\"2025-08-30T19:10:06+00:00\" \/>\n<meta name=\"twitter:card\" content=\"summary_large_image\" \/>\n<meta name=\"twitter:label1\" content=\"Estimation du temps de lecture\" \/>\n\t<meta name=\"twitter:data1\" content=\"1 minute\" \/>\n<script type=\"application\/ld+json\" class=\"yoast-schema-graph\">{\"@context\":\"https:\/\/schema.org\",\"@graph\":[{\"@type\":\"WebPage\",\"@id\":\"https:\/\/www.dovinta.ca\/contact\/\",\"url\":\"https:\/\/www.dovinta.ca\/contact\/\",\"name\":\"Contact - Dovinta\",\"isPartOf\":{\"@id\":\"https:\/\/www.dovinta.ca\/#website\"},\"datePublished\":\"2025-08-14T21:11:30+00:00\",\"dateModified\":\"2025-08-30T19:10:06+00:00\",\"breadcrumb\":{\"@id\":\"https:\/\/www.dovinta.ca\/contact\/#breadcrumb\"},\"inLanguage\":\"fr-CA\",\"potentialAction\":[{\"@type\":\"ReadAction\",\"target\":[\"https:\/\/www.dovinta.ca\/contact\/\"]}]},{\"@type\":\"BreadcrumbList\",\"@id\":\"https:\/\/www.dovinta.ca\/contact\/#breadcrumb\",\"itemListElement\":[{\"@type\":\"ListItem\",\"position\":1,\"name\":\"Home\",\"item\":\"https:\/\/www.dovinta.ca\/\"},{\"@type\":\"ListItem\",\"position\":2,\"name\":\"Contact\"}]},{\"@type\":\"WebSite\",\"@id\":\"https:\/\/www.dovinta.ca\/#website\",\"url\":\"https:\/\/www.dovinta.ca\/\",\"name\":\"Dovinta\",\"description\":\"\",\"publisher\":{\"@id\":\"https:\/\/www.dovinta.ca\/#organization\"},\"potentialAction\":[{\"@type\":\"SearchAction\",\"target\":{\"@type\":\"EntryPoint\",\"urlTemplate\":\"https:\/\/www.dovinta.ca\/?s={search_term_string}\"},\"query-input\":{\"@type\":\"PropertyValueSpecification\",\"valueRequired\":true,\"valueName\":\"search_term_string\"}}],\"inLanguage\":\"fr-CA\"},{\"@type\":\"Organization\",\"@id\":\"https:\/\/www.dovinta.ca\/#organization\",\"name\":\"Dovinta\",\"url\":\"https:\/\/www.dovinta.ca\/\",\"logo\":{\"@type\":\"ImageObject\",\"inLanguage\":\"fr-CA\",\"@id\":\"https:\/\/www.dovinta.ca\/#\/schema\/logo\/image\/\",\"url\":\"https:\/\/www.dovinta.ca\/wp-content\/uploads\/2025\/08\/dovinta-logo-08-heavy-mech-01.png\",\"contentUrl\":\"https:\/\/www.dovinta.ca\/wp-content\/uploads\/2025\/08\/dovinta-logo-08-heavy-mech-01.png\",\"width\":350,\"height\":172,\"caption\":\"Dovinta\"},\"image\":{\"@id\":\"https:\/\/www.dovinta.ca\/#\/schema\/logo\/image\/\"}}]}<\/script>\n<!-- \/ Yoast SEO plugin. -->","yoast_head_json":{"title":"Contact - Dovinta","robots":{"index":"index","follow":"follow","max-snippet":"max-snippet:-1","max-image-preview":"max-image-preview:large","max-video-preview":"max-video-preview:-1"},"canonical":"https:\/\/www.dovinta.ca\/fr\/contact\/","og_locale":"fr_CA","og_type":"article","og_title":"Contact - Dovinta","og_description":"You can find us at EMAIL info@dovinta.ca PHONE NUMBER +1 (437) 320-40-30 LOCATION QC 192 Rue Lavoie, Delson, QC J5B 1X4 LOCATION ON 2615 Blackwell St, Ottawa, ON Facebook Instagram","og_url":"https:\/\/www.dovinta.ca\/fr\/contact\/","og_site_name":"Dovinta","article_modified_time":"2025-08-30T19:10:06+00:00","twitter_card":"summary_large_image","twitter_misc":{"Estimation du temps de lecture":"1 minute"},"schema":{"@context":"https:\/\/schema.org","@graph":[{"@type":"WebPage","@id":"https:\/\/www.dovinta.ca\/contact\/","url":"https:\/\/www.dovinta.ca\/contact\/","name":"Contact - Dovinta","isPartOf":{"@id":"https:\/\/www.dovinta.ca\/#website"},"datePublished":"2025-08-14T21:11:30+00:00","dateModified":"2025-08-30T19:10:06+00:00","breadcrumb":{"@id":"https:\/\/www.dovinta.ca\/contact\/#breadcrumb"},"inLanguage":"fr-CA","potentialAction":[{"@type":"ReadAction","target":["https:\/\/www.dovinta.ca\/contact\/"]}]},{"@type":"BreadcrumbList","@id":"https:\/\/www.dovinta.ca\/contact\/#breadcrumb","itemListElement":[{"@type":"ListItem","position":1,"name":"Home","item":"https:\/\/www.dovinta.ca\/"},{"@type":"ListItem","position":2,"name":"Contact"}]},{"@type":"WebSite","@id":"https:\/\/www.dovinta.ca\/#website","url":"https:\/\/www.dovinta.ca\/","name":"Dovinta","description":"","publisher":{"@id":"https:\/\/www.dovinta.ca\/#organization"},"potentialAction":[{"@type":"SearchAction","target":{"@type":"EntryPoint","urlTemplate":"https:\/\/www.dovinta.ca\/?s={search_term_string}"},"query-input":{"@type":"PropertyValueSpecification","valueRequired":true,"valueName":"search_term_string"}}],"inLanguage":"fr-CA"},{"@type":"Organization","@id":"https:\/\/www.dovinta.ca\/#organization","name":"Dovinta","url":"https:\/\/www.dovinta.ca\/","logo":{"@type":"ImageObject","inLanguage":"fr-CA","@id":"https:\/\/www.dovinta.ca\/#\/schema\/logo\/image\/","url":"https:\/\/www.dovinta.ca\/wp-content\/uploads\/2025\/08\/dovinta-logo-08-heavy-mech-01.png","contentUrl":"https:\/\/www.dovinta.ca\/wp-content\/uploads\/2025\/08\/dovinta-logo-08-heavy-mech-01.png","width":350,"height":172,"caption":"Dovinta"},"image":{"@id":"https:\/\/www.dovinta.ca\/#\/schema\/logo\/image\/"}}]}},"uagb_featured_image_src":{"full":false,"thumbnail":false,"medium":false,"medium_large":false,"large":false,"1536x1536":false,"2048x2048":false,"trp-custom-language-flag":false},"uagb_author_info":{"display_name":"Alexandra","author_link":"https:\/\/www.dovinta.ca\/fr\/author\/alexandra\/"},"uagb_comment_info":0,"uagb_excerpt":"You can find us at EMAIL info@dovinta.ca PHONE NUMBER +1 (437) 320-40-30 LOCATION QC 192 Rue Lavoie, Delson, QC J5B 1X4 LOCATION ON 2615 Blackwell St, Ottawa, ON Facebook Instagram","_links":{"self":[{"href":"https:\/\/www.dovinta.ca\/fr\/wp-json\/wp\/v2\/pages\/16","targetHints":{"allow":["GET"]}}],"collection":[{"href":"https:\/\/www.dovinta.ca\/fr\/wp-json\/wp\/v2\/pages"}],"about":[{"href":"https:\/\/www.dovinta.ca\/fr\/wp-json\/wp\/v2\/types\/page"}],"author":[{"embeddable":true,"href":"https:\/\/www.dovinta.ca\/fr\/wp-json\/wp\/v2\/users\/1"}],"replies":[{"embeddable":true,"href":"https:\/\/www.dovinta.ca\/fr\/wp-json\/wp\/v2\/comments?post=16"}],"version-history":[{"count":45,"href":"https:\/\/www.dovinta.ca\/fr\/wp-json\/wp\/v2\/pages\/16\/revisions"}],"predecessor-version":[{"id":2723,"href":"https:\/\/www.dovinta.ca\/fr\/wp-json\/wp\/v2\/pages\/16\/revisions\/2723"}],"wp:attachment":[{"href":"https:\/\/www.dovinta.ca\/fr\/wp-json\/wp\/v2\/media?parent=16"}],"wp:term":[{"taxonomy":"service_type","embeddable":true,"href":"https:\/\/www.dovinta.ca\/fr\/wp-json\/wp\/v2\/service_type?post=16"}],"curies":[{"name":"wp","href":"https:\/\/api.w.org\/{rel}","templated":true}]}}