{"id":2881,"date":"2025-09-02T21:33:39","date_gmt":"2025-09-02T21:33:39","guid":{"rendered":"https:\/\/www.dovinta.ca\/?page_id=2881"},"modified":"2025-09-03T02:14:52","modified_gmt":"2025-09-03T02:14:52","slug":"prices","status":"publish","type":"page","link":"https:\/\/www.dovinta.ca\/fr\/prices\/","title":{"rendered":"Tarifs"},"content":{"rendered":"<div data-elementor-type=\"wp-page\" data-elementor-id=\"2881\" class=\"elementor elementor-2881\">\n\t\t\t\t<div class=\"elementor-element elementor-element-ae99b04 e-flex e-con-boxed e-con e-parent\" data-id=\"ae99b04\" data-element_type=\"container\">\n\t\t\t\t\t<div class=\"e-con-inner\">\n\t\t\t\t<div class=\"elementor-element elementor-element-121a146 elementor-widget elementor-widget-heading\" data-id=\"121a146\" data-element_type=\"widget\" data-widget_type=\"heading.default\">\n\t\t\t\t<div class=\"elementor-widget-container\">\n\t\t\t\t\t<h2 class=\"elementor-heading-title elementor-size-default\">Les prix du march\u00e9 vs. nos tarifs<\/h2>\t\t\t\t<\/div>\n\t\t\t\t<\/div>\n\t\t\t\t\t<\/div>\n\t\t\t\t<\/div>\n\t\t<div class=\"elementor-element elementor-element-c7b3480 e-flex e-con-boxed e-con e-parent\" data-id=\"c7b3480\" data-element_type=\"container\">\n\t\t\t\t\t<div class=\"e-con-inner\">\n\t\t\t\t<div class=\"elementor-element elementor-element-864eb24 elementor-widget elementor-widget-text-editor\" data-id=\"864eb24\" data-element_type=\"widget\" data-widget_type=\"text-editor.default\">\n\t\t\t\t<div class=\"elementor-widget-container\">\n\t\t\t\t\t\t\t\t\t<div class=\"ql-block translation-block\" data-block-id=\"block-2facc014-5bdd-4d45-91d5-8c10ac54ed37\">Le <strong>tarif horaire moyen dans l\u2019industrie au Qu\u00e9bec et en Ontario est d\u2019environ $150\/heure<\/strong> pour les r\u00e9parations mobiles de camions lourds.<\/div><div class=\"ql-block translation-block\" data-block-id=\"block-14d8860b-818c-40d4-9650-3ac735c8bd57\">At <strong>Dovinta<\/strong>, our rates are <strong>at least 30% lower<\/strong>, while offering the same (or higher) quality of service.<\/div>\t\t\t\t\t\t\t\t<\/div>\n\t\t\t\t<\/div>\n\t\t\t\t\t<\/div>\n\t\t\t\t<\/div>\n\t\t<div class=\"elementor-element elementor-element-e3c7640 e-flex e-con-boxed e-con e-parent\" data-id=\"e3c7640\" data-element_type=\"container\">\n\t\t\t\t\t<div class=\"e-con-inner\">\n\t\t\t\t<div class=\"elementor-element elementor-element-c690d74 elementor-widget elementor-widget-heading\" data-id=\"c690d74\" data-element_type=\"widget\" data-widget_type=\"heading.default\">\n\t\t\t\t<div class=\"elementor-widget-container\">\n\t\t\t\t\t<h2 class=\"elementor-heading-title elementor-size-default\">Service mobile de camions Dovinta \u2014 Liste de prix<\/h2>\t\t\t\t<\/div>\n\t\t\t\t<\/div>\n\t\t\t\t\t<\/div>\n\t\t\t\t<\/div>\n\t\t<div class=\"elementor-element elementor-element-13669e7 e-flex e-con-boxed e-con e-parent\" data-id=\"13669e7\" data-element_type=\"container\">\n\t\t\t\t\t<div class=\"e-con-inner\">\n\t\t\t\t<div class=\"elementor-element elementor-element-c35c5ed elementor-widget elementor-widget-shortcode\" data-id=\"c35c5ed\" data-element_type=\"widget\" data-widget_type=\"shortcode.default\">\n\t\t\t\t<div class=\"elementor-widget-container\">\n\t\t\t\t\t\t\t<div class=\"elementor-shortcode\">\n<table id=\"tablepress-1\" class=\"tablepress tablepress-id-1\">\n<thead>\n<tr class=\"row-1\">\n\t<th class=\"column-1\">Service<\/th><th class=\"column-2\">Prix moyen du march\u00e9 (CAD)<\/th><th class=\"column-3\">Notre prix (CAD)<\/th><th class=\"column-4\">Remarques<\/th>\n<\/tr>\n<\/thead>\n<tbody>\n<tr class=\"row-2\">\n\t<td class=\"column-1\">Diagnostic sur place (appel)<\/td><td class=\"column-2\">$150\/hr + $100+ frais de d\u00e9placement<\/td><td class=\"column-3\">$105\/hr,  aucun frais de d\u00e9placement<\/td><td class=\"column-4\">Minimum de 2 heures applicable.<\/td>\n<\/tr>\n<tr class=\"row-3\">\n\t<td class=\"column-1\">M\u00e9canique g\u00e9n\u00e9rale de camions (sur place)<\/td><td class=\"column-2\">$140\u2013$160\/hr<\/td><td class=\"column-3\">$98\/hr<\/td><td class=\"column-4\">Moteur, transmission, freins, suspension, pneumatique.<\/td>\n<\/tr>\n<tr class=\"row-4\">\n\t<td class=\"column-1\">Reprogrammation \/ mise \u00e0 jour ECM<\/td><td class=\"column-2\">$300\u2013$500+ per job<\/td><td class=\"column-3\">\u00e0 partir de $210<\/td><td class=\"column-4\">Changements de param\u00e8tres, mise \u00e0 jour d\u2019usine, arr\u00eat automatique au ralenti, etc.<\/td>\n<\/tr>\n<tr class=\"row-5\">\n\t<td class=\"column-1\">Optimisation personnalis\u00e9e de l\u2019ECM<\/td><td class=\"column-2\">$500\u2013$3,500<\/td><td class=\"column-3\">\u00e0 partir de $350<\/td><td class=\"column-4\">Optimisation des performances, configuration hors route sans \u00e9missions (lorsque applicable).<\/td>\n<\/tr>\n<tr class=\"row-6\">\n\t<td class=\"column-1\">Entretien pr\u00e9ventif (service PM)<\/td><td class=\"column-2\">$140\u2013$160\/hr<\/td><td class=\"column-3\">$98\/hr<\/td><td class=\"column-4\">Entretien pr\u00e9ventif sur place, vidange des fluides\/filtres, graissage. Forfaits fixes disponibles sur demande.<\/td>\n<\/tr>\n<tr class=\"row-7\">\n\t<td class=\"column-1\">Service d\u2019urgence en dehors des heures normales<\/td><td class=\"column-2\">$180\u2013$200\/hr<\/td><td class=\"column-3\">$135\/hr<\/td><td class=\"column-4\">Nuits et fins de semaine. M\u00eame qualit\u00e9, r\u00e9ponse plus rapide.<\/td>\n<\/tr>\n<\/tbody>\n<\/table>\n<!-- #tablepress-1 from cache --><\/div>\n\t\t\t\t\t\t<\/div>\n\t\t\t\t<\/div>\n\t\t\t\t\t<\/div>\n\t\t\t\t<\/div>\n\t\t<div class=\"elementor-element elementor-element-b3f38c3 e-flex e-con-boxed e-con e-parent\" data-id=\"b3f38c3\" data-element_type=\"container\">\n\t\t\t\t\t<div class=\"e-con-inner\">\n\t\t\t\t<div class=\"elementor-element elementor-element-b093e5e elementor-widget elementor-widget-heading\" data-id=\"b093e5e\" data-element_type=\"widget\" data-widget_type=\"heading.default\">\n\t\t\t\t<div class=\"elementor-widget-container\">\n\t\t\t\t\t<h2 class=\"elementor-heading-title elementor-size-default\">\ud83d\udcd0 Formule de tarification transparente (exemple)<\/h2>\t\t\t\t<\/div>\n\t\t\t\t<\/div>\n\t\t\t\t\t<\/div>\n\t\t\t\t<\/div>\n\t\t<div class=\"elementor-element elementor-element-63e1c7f e-flex e-con-boxed e-con e-parent\" data-id=\"63e1c7f\" data-element_type=\"container\">\n\t\t\t\t\t<div class=\"e-con-inner\">\n\t\t\t\t<div class=\"elementor-element elementor-element-c16cac2 elementor-widget elementor-widget-text-editor\" data-id=\"c16cac2\" data-element_type=\"widget\" data-widget_type=\"text-editor.default\">\n\t\t\t\t<div class=\"elementor-widget-container\">\n\t\t\t\t\t\t\t\t\t<div class=\"ql-block translation-block\" data-block-id=\"block-a3564b48-60b2-4134-b753-c11a27926ff3\"><strong>Exemple de service :<\/strong> M\u00e9canique g\u00e9n\u00e9rale sur place (par heure)<\/div><div class=\"ql-block translation-block\" data-block-id=\"block-f2c4665a-9523-400c-8bb0-2fde3fdecfc8\">Moyenne du march\u00e9 :  <strong>$150\/hr<\/strong><\/div><div class=\"ql-block\" data-block-id=\"block-5e96ecf2-3d4d-4445-9f88-583d307cf2e4\">Notre tarif : <strong>$98\/hr<\/strong><\/div><div class=\"ql-block\" data-block-id=\"block-2f6badcd-1e17-40ed-ad4e-258f2ed18a2e\"><strong>Comment le tarif de $98\/hr est calcul\u00e9 :<\/strong><\/div><ul><li>Salaire et avantages du technicien : <strong>$40\/hr<\/strong><\/li><li>Co\u00fbts d\u2019exploitation du fourgon de service (carburant, assurance, amortissement) : <strong>$15\/hr<\/strong><\/li><li>Outils, logiciels de diagnostic, consommables : <strong>$10\/hr<\/strong><\/li><li>Frais g\u00e9n\u00e9raux (administration, bureau, informatique, t\u00e9l\u00e9phonie) : <strong>$10\/hr<\/strong><\/li><li><strong>Co\u00fbt total :<\/strong> $75\/hr<\/li><li><strong>Marge b\u00e9n\u00e9ficiaire de 30\u202f% pour assurer la viabilit\u00e9 :<\/strong> $23\/hr<\/li><\/ul><div class=\"ql-block\" data-block-id=\"block-3d035c0b-b42a-4dd6-ae76-2004590e4cb5\">\u2705 <strong>Final Price = $98\/hr<\/strong><\/div><div class=\"ql-block\" data-block-id=\"block-dc18faf8-624d-47a7-ab33-d1c1c975d0f2\">De cette fa\u00e7on, les clients voient que nous facturons de mani\u00e8re \u00e9quitable, couvrons nos co\u00fbts en toute transparence et ajoutons seulement une marge raisonnable \u2014 loin des tarifs gonfl\u00e9s des concessionnaires.<\/div>\t\t\t\t\t\t\t\t<\/div>\n\t\t\t\t<\/div>\n\t\t\t\t<div class=\"elementor-element elementor-element-757dd26 elementor-align-center elementor-button-success elementor-widget elementor-widget-button\" data-id=\"757dd26\" data-element_type=\"widget\" data-widget_type=\"button.default\">\n\t\t\t\t<div class=\"elementor-widget-container\">\n\t\t\t\t\t\t\t\t\t<div class=\"elementor-button-wrapper\">\n\t\t\t\t\t<a class=\"elementor-button elementor-button-link elementor-size-sm\" href=\"tel:+14373204030\" id=\"call-button\">\n\t\t\t\t\t\t<span class=\"elementor-button-content-wrapper\">\n\t\t\t\t\t\t<span class=\"elementor-button-icon\">\n\t\t\t\t<i aria-hidden=\"true\" class=\"fas fa-phone-alt\"><\/i>\t\t\t<\/span>\n\t\t\t\t\t\t\t\t\t<span class=\"elementor-button-text\">Parlez au r\u00e9partiteur<\/span>\n\t\t\t\t\t<\/span>\n\t\t\t\t\t<\/a>\n\t\t\t\t<\/div>\n\t\t\t\t\t\t\t\t<\/div>\n\t\t\t\t<\/div>\n\t\t\t\t\t<\/div>\n\t\t\t\t<\/div>\n\t\t\t\t<\/div>","protected":false},"excerpt":{"rendered":"<p>Industry vs. Our Prices The industry average labor rate in Quebec and Ontario is around $150\/hour for mobile heavy-truck repair .At Dovinta, our rates are at least 30% lower, while offering the same (or higher) quality of service. Dovinta Mobile Truck Service \u2014 Price List \ud83d\udcd0 Transparent Pricing Formula (Example) Service Example: General Mechanics On-Site [&hellip;]<\/p>","protected":false},"author":1,"featured_media":0,"parent":0,"menu_order":0,"comment_status":"closed","ping_status":"closed","template":"","meta":{"_editorskit_title_hidden":true,"_editorskit_reading_time":0,"_editorskit_is_block_options_detached":false,"_editorskit_block_options_position":"{}","_uag_custom_page_level_css":"","footnotes":""},"service_type":[],"class_list":["post-2881","page","type-page","status-publish","hentry"],"yoast_head":"<!-- This site is optimized with the Yoast SEO plugin v25.8 - https:\/\/yoast.com\/wordpress\/plugins\/seo\/ -->\n<title>Prices - Dovinta<\/title>\n<meta name=\"robots\" content=\"index, follow, max-snippet:-1, max-image-preview:large, max-video-preview:-1\" \/>\n<link rel=\"canonical\" href=\"https:\/\/www.dovinta.ca\/fr\/prices\/\" \/>\n<meta property=\"og:locale\" content=\"fr_CA\" \/>\n<meta property=\"og:type\" content=\"article\" \/>\n<meta property=\"og:title\" content=\"Prices - Dovinta\" \/>\n<meta property=\"og:description\" content=\"Industry vs. Our Prices The industry average labor rate in Quebec and Ontario is around $150\/hour for mobile heavy-truck repair .At Dovinta, our rates are at least 30% lower, while offering the same (or higher) quality of service. Dovinta Mobile Truck Service \u2014 Price List \ud83d\udcd0 Transparent Pricing Formula (Example) Service Example: General Mechanics On-Site [&hellip;]\" \/>\n<meta property=\"og:url\" content=\"https:\/\/www.dovinta.ca\/fr\/prices\/\" \/>\n<meta property=\"og:site_name\" content=\"Dovinta\" \/>\n<meta property=\"article:modified_time\" content=\"2025-09-03T02:14:52+00:00\" \/>\n<meta name=\"twitter:card\" content=\"summary_large_image\" \/>\n<script type=\"application\/ld+json\" class=\"yoast-schema-graph\">{\"@context\":\"https:\/\/schema.org\",\"@graph\":[{\"@type\":\"WebPage\",\"@id\":\"https:\/\/www.dovinta.ca\/prices\/\",\"url\":\"https:\/\/www.dovinta.ca\/prices\/\",\"name\":\"Prices - Dovinta\",\"isPartOf\":{\"@id\":\"https:\/\/www.dovinta.ca\/#website\"},\"datePublished\":\"2025-09-02T21:33:39+00:00\",\"dateModified\":\"2025-09-03T02:14:52+00:00\",\"breadcrumb\":{\"@id\":\"https:\/\/www.dovinta.ca\/prices\/#breadcrumb\"},\"inLanguage\":\"fr-CA\",\"potentialAction\":[{\"@type\":\"ReadAction\",\"target\":[\"https:\/\/www.dovinta.ca\/prices\/\"]}]},{\"@type\":\"BreadcrumbList\",\"@id\":\"https:\/\/www.dovinta.ca\/prices\/#breadcrumb\",\"itemListElement\":[{\"@type\":\"ListItem\",\"position\":1,\"name\":\"Home\",\"item\":\"https:\/\/www.dovinta.ca\/\"},{\"@type\":\"ListItem\",\"position\":2,\"name\":\"Prices\"}]},{\"@type\":\"WebSite\",\"@id\":\"https:\/\/www.dovinta.ca\/#website\",\"url\":\"https:\/\/www.dovinta.ca\/\",\"name\":\"Dovinta\",\"description\":\"\",\"publisher\":{\"@id\":\"https:\/\/www.dovinta.ca\/#organization\"},\"potentialAction\":[{\"@type\":\"SearchAction\",\"target\":{\"@type\":\"EntryPoint\",\"urlTemplate\":\"https:\/\/www.dovinta.ca\/?s={search_term_string}\"},\"query-input\":{\"@type\":\"PropertyValueSpecification\",\"valueRequired\":true,\"valueName\":\"search_term_string\"}}],\"inLanguage\":\"fr-CA\"},{\"@type\":\"Organization\",\"@id\":\"https:\/\/www.dovinta.ca\/#organization\",\"name\":\"Dovinta\",\"url\":\"https:\/\/www.dovinta.ca\/\",\"logo\":{\"@type\":\"ImageObject\",\"inLanguage\":\"fr-CA\",\"@id\":\"https:\/\/www.dovinta.ca\/#\/schema\/logo\/image\/\",\"url\":\"https:\/\/www.dovinta.ca\/wp-content\/uploads\/2025\/08\/dovinta-logo-08-heavy-mech-01.png\",\"contentUrl\":\"https:\/\/www.dovinta.ca\/wp-content\/uploads\/2025\/08\/dovinta-logo-08-heavy-mech-01.png\",\"width\":350,\"height\":172,\"caption\":\"Dovinta\"},\"image\":{\"@id\":\"https:\/\/www.dovinta.ca\/#\/schema\/logo\/image\/\"}}]}<\/script>\n<!-- \/ Yoast SEO plugin. -->","yoast_head_json":{"title":"Prices - Dovinta","robots":{"index":"index","follow":"follow","max-snippet":"max-snippet:-1","max-image-preview":"max-image-preview:large","max-video-preview":"max-video-preview:-1"},"canonical":"https:\/\/www.dovinta.ca\/fr\/prices\/","og_locale":"fr_CA","og_type":"article","og_title":"Prices - Dovinta","og_description":"Industry vs. Our Prices The industry average labor rate in Quebec and Ontario is around $150\/hour for mobile heavy-truck repair .At Dovinta, our rates are at least 30% lower, while offering the same (or higher) quality of service. Dovinta Mobile Truck Service \u2014 Price List \ud83d\udcd0 Transparent Pricing Formula (Example) Service Example: General Mechanics On-Site [&hellip;]","og_url":"https:\/\/www.dovinta.ca\/fr\/prices\/","og_site_name":"Dovinta","article_modified_time":"2025-09-03T02:14:52+00:00","twitter_card":"summary_large_image","schema":{"@context":"https:\/\/schema.org","@graph":[{"@type":"WebPage","@id":"https:\/\/www.dovinta.ca\/prices\/","url":"https:\/\/www.dovinta.ca\/prices\/","name":"Prices - Dovinta","isPartOf":{"@id":"https:\/\/www.dovinta.ca\/#website"},"datePublished":"2025-09-02T21:33:39+00:00","dateModified":"2025-09-03T02:14:52+00:00","breadcrumb":{"@id":"https:\/\/www.dovinta.ca\/prices\/#breadcrumb"},"inLanguage":"fr-CA","potentialAction":[{"@type":"ReadAction","target":["https:\/\/www.dovinta.ca\/prices\/"]}]},{"@type":"BreadcrumbList","@id":"https:\/\/www.dovinta.ca\/prices\/#breadcrumb","itemListElement":[{"@type":"ListItem","position":1,"name":"Home","item":"https:\/\/www.dovinta.ca\/"},{"@type":"ListItem","position":2,"name":"Prices"}]},{"@type":"WebSite","@id":"https:\/\/www.dovinta.ca\/#website","url":"https:\/\/www.dovinta.ca\/","name":"Dovinta","description":"","publisher":{"@id":"https:\/\/www.dovinta.ca\/#organization"},"potentialAction":[{"@type":"SearchAction","target":{"@type":"EntryPoint","urlTemplate":"https:\/\/www.dovinta.ca\/?s={search_term_string}"},"query-input":{"@type":"PropertyValueSpecification","valueRequired":true,"valueName":"search_term_string"}}],"inLanguage":"fr-CA"},{"@type":"Organization","@id":"https:\/\/www.dovinta.ca\/#organization","name":"Dovinta","url":"https:\/\/www.dovinta.ca\/","logo":{"@type":"ImageObject","inLanguage":"fr-CA","@id":"https:\/\/www.dovinta.ca\/#\/schema\/logo\/image\/","url":"https:\/\/www.dovinta.ca\/wp-content\/uploads\/2025\/08\/dovinta-logo-08-heavy-mech-01.png","contentUrl":"https:\/\/www.dovinta.ca\/wp-content\/uploads\/2025\/08\/dovinta-logo-08-heavy-mech-01.png","width":350,"height":172,"caption":"Dovinta"},"image":{"@id":"https:\/\/www.dovinta.ca\/#\/schema\/logo\/image\/"}}]}},"uagb_featured_image_src":{"full":false,"thumbnail":false,"medium":false,"medium_large":false,"large":false,"1536x1536":false,"2048x2048":false,"trp-custom-language-flag":false},"uagb_author_info":{"display_name":"Alexandra","author_link":"https:\/\/www.dovinta.ca\/fr\/author\/alexandra\/"},"uagb_comment_info":0,"uagb_excerpt":"Industry vs. Our Prices The industry average labor rate in Quebec and Ontario is around $150\/hour for mobile heavy-truck repair .At Dovinta, our rates are at least 30% lower, while offering the same (or higher) quality of service. Dovinta Mobile Truck Service \u2014 Price List \ud83d\udcd0 Transparent Pricing Formula (Example) Service Example: General Mechanics On-Site&hellip;","_links":{"self":[{"href":"https:\/\/www.dovinta.ca\/fr\/wp-json\/wp\/v2\/pages\/2881","targetHints":{"allow":["GET"]}}],"collection":[{"href":"https:\/\/www.dovinta.ca\/fr\/wp-json\/wp\/v2\/pages"}],"about":[{"href":"https:\/\/www.dovinta.ca\/fr\/wp-json\/wp\/v2\/types\/page"}],"author":[{"embeddable":true,"href":"https:\/\/www.dovinta.ca\/fr\/wp-json\/wp\/v2\/users\/1"}],"replies":[{"embeddable":true,"href":"https:\/\/www.dovinta.ca\/fr\/wp-json\/wp\/v2\/comments?post=2881"}],"version-history":[{"count":17,"href":"https:\/\/www.dovinta.ca\/fr\/wp-json\/wp\/v2\/pages\/2881\/revisions"}],"predecessor-version":[{"id":2905,"href":"https:\/\/www.dovinta.ca\/fr\/wp-json\/wp\/v2\/pages\/2881\/revisions\/2905"}],"wp:attachment":[{"href":"https:\/\/www.dovinta.ca\/fr\/wp-json\/wp\/v2\/media?parent=2881"}],"wp:term":[{"taxonomy":"service_type","embeddable":true,"href":"https:\/\/www.dovinta.ca\/fr\/wp-json\/wp\/v2\/service_type?post=2881"}],"curies":[{"name":"wp","href":"https:\/\/api.w.org\/{rel}","templated":true}]}}